{"id":10116,"date":"2025-02-14T13:26:54","date_gmt":"2025-02-14T12:26:54","guid":{"rendered":"https:\/\/www.zagreb-marathon.com\/?page_id=10116"},"modified":"2025-02-14T13:26:55","modified_gmt":"2025-02-14T12:26:55","slug":"pravilnik-za-kreativni-natjecaj-povodom-valentinova-zagrebacki-maraton-mjesto-gdje-ljubav-trci","status":"publish","type":"page","link":"https:\/\/www.zagreb-marathon.com\/en\/pravilnik-za-kreativni-natjecaj-povodom-valentinova-zagrebacki-maraton-mjesto-gdje-ljubav-trci\/","title":{"rendered":"PRAVILNIK ZA KREATIVNI NATJE\u010cAJ POVODOM VALENTINOVA &#8220;ZAGREBA\u010cKI MARATON &#8211; MJESTO GDJE LJUBAV TR\u010cI!&#8221;"},"content":{"rendered":"<p>[et_pb_section fb_built=&#8221;1&#8243; _builder_version=&#8221;4.27.4&#8243; _module_preset=&#8221;default&#8221; global_colors_info=&#8221;{}&#8221;][et_pb_row _builder_version=&#8221;4.27.4&#8243; _module_preset=&#8221;default&#8221; global_colors_info=&#8221;{}&#8221;][et_pb_column type=&#8221;4_4&#8243; _builder_version=&#8221;4.27.4&#8243; _module_preset=&#8221;default&#8221; global_colors_info=&#8221;{}&#8221;][et_pb_text _builder_version=&#8221;4.27.4&#8243; _module_preset=&#8221;default&#8221; global_colors_info=&#8221;{}&#8221;]<\/p>\n<p><strong>PRAVILNIK ZA KREATIVNI NATJE\u010cAJ POVODOM VALENTINOVA &#8220;ZAGREBA\u010cKI MARATON &#8211; MJESTO GDJE LJUBAV TR\u010cI!&#8221;<\/strong><\/p>\n<p>&nbsp;<\/p>\n<p><strong>\u010clanak 1. \u2013 Organizator natje\u010daja<\/strong><\/p>\n<p>Kreativni natje\u010daj organizira i prire\u0111uje:<\/p>\n<p>Zagreba\u010dki atletski savez Savska cesta 137, 10000 Zagreb, Hrvatska<br \/>Tel: +385 1 6431031<br \/>Fax: +385 1 6431055 info@zagreb-marathon.com www.zas.hr<br \/>OIB: 94266637361<\/p>\n<p><strong><\/strong><\/p>\n<p><strong><\/strong><\/p>\n<p><strong>\u010clanak 2. \u2013 Svrha natje\u010daja<\/strong><\/p>\n<p>Natje\u010daj se provodi u svrhu promocije Zagreba\u010dkog maratona, promicanja tr\u010danja kao zdravog na\u010dina \u017eivota i nagra\u0111ivanja kreativnosti sudionika.<\/p>\n<p><strong><\/strong><\/p>\n<p><strong><\/strong><\/p>\n<p><strong>\u010clanak 3. \u2013 Trajanje natje\u010daja<\/strong><\/p>\n<p>Natje\u010daj traje od 14. velja\u010de 2025. godine do 21. velja\u010de 2025. godine do 23:59 sati. Pobjednik \u0107e biti progla\u0161en 22. velja\u010de 2025. godine.<\/p>\n<p><strong><\/strong><\/p>\n<p><strong><\/strong><\/p>\n<p><strong>\u010clanak 4. \u2013 Nagrada<\/strong><\/p>\n<p>Nagrada za najkreativniji odgovor uklju\u010duje jednog pobjednika koji osvaja dvije startnine za Zagreba\u010dki maraton, polumaraton ili Garmin trku. Startnine ne moraju biti jednake (npr. jedna mo\u017ee biti za maraton, a druga za polumaraton ili Garmin). Nagrade se ne mogu zamijeniti za novac niti za druge proizvode ili usluge.<\/p>\n<p>&nbsp;<\/p>\n<p><strong>\u010clanak 5. \u2013 Pravo sudjelovanja<\/strong><\/p>\n<p>Pravo sudjelovanja imaju sve fizi\u010dke osobe koje imaju najmanje 18 godina. Tako\u0111er, i osoba kojoj pobjednik daruje jednu od startnina mora imati najmanje 18 godina. Zaposlenici Organizatora i njihovi bli\u017ei \u010dlanovi obitelji (roditelji, partneri, djeca, sestre, bra\u0107a) nemaju pravo sudjelovanja u natje\u010daju.<\/p>\n<p>&nbsp;<\/p>\n<p><strong>\u010clanak 6. \u2013 Uvjeti sudjelovanja<\/strong><\/p>\n<p>Za sudjelovanje u natje\u010daju, sudionici moraju:<\/p>\n<p>1. Opisati svoju najljep\u0161u uspomenu vezanu uz tr\u010danje s bliskom osobom.<br \/>2. Objaviti odgovor u komentaru ispod objave na slu\u017ebenoj Facebook stranici Organizatora.<\/p>\n<p>&nbsp;<\/p>\n<p><strong>\u010clanak 7. \u2013 Odabir pobjednika<\/strong><\/p>\n<p>Pobjednik \u0107e biti odabran na temelju kreativnosti odgovora. Odluku donosi stru\u010dna komisija Organizatora. Pobjednik \u0107e biti progla\u0161en 22. velja\u010de 2025. godine, a ime pobjednika bit \u0107e objavljeno na slu\u017ebenoj Facebook stranici Organizatora.<\/p>\n<p>&nbsp;<\/p>\n<p><strong>\u010clanak 8. \u2013 Objavljivanje rezultata<\/strong><\/p>\n<p>Pobjednik natje\u010daja bit \u0107e objavljen 22. velja\u010de 2025. godine na slu\u017ebenoj Facebook stranici Organizatora. Organizator \u0107e kontaktirati pobjednika putem privatne poruke na Facebooku.<\/p>\n<p>&nbsp;<\/p>\n<p><strong>\u010clanak 9. \u2013 Preuzimanje nagrade<\/strong><\/p>\n<p>Pobjednik je du\u017ean u roku od 60 dana od objave rezultata poslati svoje osobne podatke (ime, prezime, adresa, kontakt telefon) kako bi mu nagrada bila dostavljena. Ukoliko pobjednik ne dostavi tra\u017eene podatke u predvi\u0111enom roku, gubi pravo na nagradu.<\/p>\n<p>&nbsp;<\/p>\n<p><strong>\u010clanak 10. \u2013 Upotreba osobnih podataka<\/strong><\/p>\n<p>Sudjelovanjem u natje\u010daju, sudionici pristaju na obradu svojih osobnih podataka u svrhu provo\u0111enja natje\u010daja. Podaci \u0107e biti prikupljeni, pohranjeni i kori\u0161teni isklju\u010divo u svrhu dodjele nagrada i obavijesti vezanih uz natje\u010daj.<\/p>\n<p>&nbsp;<\/p>\n<p><strong>\u010clanak 11. \u2013 Odgovornost<\/strong><\/p>\n<p>Organizator ne snosi odgovornost za tehni\u010dke pote\u0161ko\u0107e ili gre\u0161ke u prijavi, kao ni za bilo kakve \u0161tete nastale sudjelovanjem u natje\u010daju.<\/p>\n<p>&nbsp;<\/p>\n<p><strong>\u010clanak 12. \u2013 Izmjene pravilnika<\/strong><\/p>\n<p>Organizator zadr\u017eava pravo izmjene ovog pravilnika, uklju\u010duju\u0107i produ\u017eenje trajanja natje\u010daja ili promjene uvjeta sudjelovanja, u skladu s va\u017ee\u0107im zakonodavstvom.<\/p>\n<p>&nbsp;<\/p>\n<p><strong>\u010clanak 13. \u2013 Nadle\u017enost u slu\u010daju spora<\/strong><\/p>\n<p>U slu\u010daju spora, nadle\u017ean je sud u Zagrebu.<\/p>\n<p>[\/et_pb_text][\/et_pb_column][\/et_pb_row][\/et_pb_section]<\/p>\n","protected":false},"excerpt":{"rendered":"<p>PRAVILNIK ZA KREATIVNI NATJE\u010cAJ POVODOM VALENTINOVA &#8220;ZAGREBA\u010cKI MARATON &#8211; MJESTO GDJE LJUBAV TR\u010cI!&#8221; &nbsp; \u010clanak 1. \u2013 Organizator natje\u010daja Kreativni natje\u010daj organizira i prire\u0111uje: Zagreba\u010dki atletski savez Savska cesta 137, 10000 Zagreb, HrvatskaTel: +385 1 6431031Fax: +385 1 6431055 info@zagreb-marathon.com www.zas.hrOIB: 94266637361 \u010clanak 2. \u2013 Svrha natje\u010daja Natje\u010daj se provodi u svrhu promocije Zagreba\u010dkog maratona, [&hellip;]<\/p>\n","protected":false},"author":3,"featured_media":0,"parent":0,"menu_order":0,"comment_status":"closed","ping_status":"closed","template":"","meta":{"_et_pb_use_builder":"on","_et_pb_old_content":"","_et_gb_content_width":"","footnotes":""},"class_list":["post-10116","page","type-page","status-publish","hentry"],"_links":{"self":[{"href":"https:\/\/www.zagreb-marathon.com\/en\/wp-json\/wp\/v2\/pages\/10116","targetHints":{"allow":["GET"]}}],"collection":[{"href":"https:\/\/www.zagreb-marathon.com\/en\/wp-json\/wp\/v2\/pages"}],"about":[{"href":"https:\/\/www.zagreb-marathon.com\/en\/wp-json\/wp\/v2\/types\/page"}],"author":[{"embeddable":true,"href":"https:\/\/www.zagreb-marathon.com\/en\/wp-json\/wp\/v2\/users\/3"}],"replies":[{"embeddable":true,"href":"https:\/\/www.zagreb-marathon.com\/en\/wp-json\/wp\/v2\/comments?post=10116"}],"version-history":[{"count":4,"href":"https:\/\/www.zagreb-marathon.com\/en\/wp-json\/wp\/v2\/pages\/10116\/revisions"}],"predecessor-version":[{"id":10129,"href":"https:\/\/www.zagreb-marathon.com\/en\/wp-json\/wp\/v2\/pages\/10116\/revisions\/10129"}],"wp:attachment":[{"href":"https:\/\/www.zagreb-marathon.com\/en\/wp-json\/wp\/v2\/media?parent=10116"}],"curies":[{"name":"wp","href":"https:\/\/api.w.org\/{rel}","templated":true}]}}