{"id":10124,"date":"2025-02-14T13:26:27","date_gmt":"2025-02-14T12:26:27","guid":{"rendered":"https:\/\/www.zagreb-marathon.com\/?page_id=10124"},"modified":"2025-02-14T13:38:56","modified_gmt":"2025-02-14T12:38:56","slug":"pravila-nagradnih-igara-i-kreativnih-natjecaja","status":"publish","type":"page","link":"https:\/\/www.zagreb-marathon.com\/en\/pravila-nagradnih-igara-i-kreativnih-natjecaja\/","title":{"rendered":"PRAVILA NAGRADNIH IGARA I KREATIVNIH NATJE\u010cAJA"},"content":{"rendered":"<p>[et_pb_section fb_built=&#8221;1&#8243; _builder_version=&#8221;4.27.4&#8243; _module_preset=&#8221;default&#8221; global_colors_info=&#8221;{}&#8221;][et_pb_row _builder_version=&#8221;4.27.4&#8243; _module_preset=&#8221;default&#8221; global_colors_info=&#8221;{}&#8221;][et_pb_column type=&#8221;4_4&#8243; _builder_version=&#8221;4.27.4&#8243; _module_preset=&#8221;default&#8221; global_colors_info=&#8221;{}&#8221;][et_pb_text _builder_version=&#8221;4.27.4&#8243; _module_preset=&#8221;default&#8221; hover_enabled=&#8221;0&#8243; global_colors_info=&#8221;{}&#8221; sticky_enabled=&#8221;0&#8243;]<\/p>\n<p><strong><span class=\"fontstyle0\">PRAVILA NAGRADNIH IGARA I KREATIVNIH NATJE\u010cAJA<\/span><\/strong><\/p>\n<p><strong><span class=\"fontstyle0\"><\/span><\/strong><\/p>\n<p><a href=\"https:\/\/www.zagreb-marathon.com\/pravilnik-za-kreativni-natjecaj-povodom-valentinova-parovi-koji-trce-skupa-ostaju-skupa\/\"><strong><span class=\"fontstyle0\">PRAVILNIK ZA KREATIVNI NATJE\u010cAJ POVODOM VALENTINOVA \u201cPAROVI <\/span><span class=\"fontstyle0\">KOJI TR\u010cE SKUPA, OSTAJU SKUPA!\u201d<\/span><\/strong><\/a><\/p>\n<p><strong><span class=\"fontstyle0\"><\/span><\/strong><\/p>\n<p><strong><span class=\"fontstyle0\"><a href=\"https:\/\/www.zagreb-marathon.com\/pravilnik-za-kreativni-natjecaj-povodom-valentinova-zagrebacki-maraton-mjesto-gdje-ljubav-trci\/\"> PRAVILNIK ZA KREATIVNI NATJE\u010cAJ POVODOM VALENTINOVA &#8220;ZAGREBA\u010cKI MARATON &#8211; MJESTO GDJE LJUBAV TR\u010cI!&#8221; <\/a><br style=\"font-style: normal; font-variant: normal; font-weight: normal; letter-spacing: normal; line-height: normal; orphans: 2; text-align: -webkit-auto; text-indent: 0px; text-transform: none; white-space: normal; widows: 2; word-spacing: 0px; -webkit-text-size-adjust: auto; -webkit-text-stroke-width: 0px;\" \/><\/span><\/strong><\/p>\n<p><strong><\/strong><\/p>\n<p><strong><\/strong><\/p>\n<p>[\/et_pb_text][\/et_pb_column][\/et_pb_row][\/et_pb_section]<\/p>\n","protected":false},"excerpt":{"rendered":"<p>PRAVILA NAGRADNIH IGARA I KREATIVNIH NATJE\u010cAJA PRAVILNIK ZA KREATIVNI NATJE\u010cAJ POVODOM VALENTINOVA \u201cPAROVI KOJI TR\u010cE SKUPA, OSTAJU SKUPA!\u201d PRAVILNIK ZA KREATIVNI NATJE\u010cAJ POVODOM VALENTINOVA &#8220;ZAGREBA\u010cKI MARATON &#8211; MJESTO GDJE LJUBAV TR\u010cI!&#8221;<\/p>","protected":false},"author":3,"featured_media":0,"parent":0,"menu_order":0,"comment_status":"closed","ping_status":"closed","template":"","meta":{"_et_pb_use_builder":"on","_et_pb_old_content":"","_et_gb_content_width":"","footnotes":""},"class_list":["post-10124","page","type-page","status-publish","hentry"],"_links":{"self":[{"href":"https:\/\/www.zagreb-marathon.com\/en\/wp-json\/wp\/v2\/pages\/10124","targetHints":{"allow":["GET"]}}],"collection":[{"href":"https:\/\/www.zagreb-marathon.com\/en\/wp-json\/wp\/v2\/pages"}],"about":[{"href":"https:\/\/www.zagreb-marathon.com\/en\/wp-json\/wp\/v2\/types\/page"}],"author":[{"embeddable":true,"href":"https:\/\/www.zagreb-marathon.com\/en\/wp-json\/wp\/v2\/users\/3"}],"replies":[{"embeddable":true,"href":"https:\/\/www.zagreb-marathon.com\/en\/wp-json\/wp\/v2\/comments?post=10124"}],"version-history":[{"count":4,"href":"https:\/\/www.zagreb-marathon.com\/en\/wp-json\/wp\/v2\/pages\/10124\/revisions"}],"predecessor-version":[{"id":10134,"href":"https:\/\/www.zagreb-marathon.com\/en\/wp-json\/wp\/v2\/pages\/10124\/revisions\/10134"}],"wp:attachment":[{"href":"https:\/\/www.zagreb-marathon.com\/en\/wp-json\/wp\/v2\/media?parent=10124"}],"curies":[{"name":"wp","href":"https:\/\/api.w.org\/{rel}","templated":true}]}}