{"id":8822,"date":"2022-01-12T09:10:05","date_gmt":"2022-01-12T08:10:05","guid":{"rendered":"https:\/\/test.zagreb-marathon.com\/?page_id=8822"},"modified":"2026-02-24T10:59:20","modified_gmt":"2026-02-24T09:59:20","slug":"organizacija-2","status":"publish","type":"page","link":"https:\/\/www.zagreb-marathon.com\/en\/organizacija-2\/","title":{"rendered":"Organization"},"content":{"rendered":"<p>[et_pb_section fb_built=&#8221;1&#8243; _builder_version=&#8221;4.16&#8243; _module_preset=&#8221;default&#8221; global_colors_info=&#8221;{}&#8221;][et_pb_row _builder_version=&#8221;4.16&#8243; _module_preset=&#8221;default&#8221; global_colors_info=&#8221;{}&#8221;][et_pb_column type=&#8221;4_4&#8243; _builder_version=&#8221;4.16&#8243; _module_preset=&#8221;default&#8221; global_colors_info=&#8221;{}&#8221;][et_pb_text _builder_version=&#8221;4.16&#8243; _dynamic_attributes=&#8221;content&#8221; _module_preset=&#8221;default&#8221; text_font=&#8221;Montserrat|||on|||||&#8221; text_font_size=&#8221;20px&#8221; global_colors_info=&#8221;{}&#8221;]@ET-DC@eyJkeW5hbWljIjp0cnVlLCJjb250ZW50IjoicG9zdF90aXRsZSIsInNldHRpbmdzIjp7ImJlZm9yZSI6IiIsImFmdGVyIjoiIn19@[\/et_pb_text][\/et_pb_column][\/et_pb_row][et_pb_row _builder_version=&#8221;4.16&#8243; _module_preset=&#8221;default&#8221; global_colors_info=&#8221;{}&#8221;][et_pb_column type=&#8221;4_4&#8243; _builder_version=&#8221;4.16&#8243; _module_preset=&#8221;default&#8221; global_colors_info=&#8221;{}&#8221;][et_pb_text _builder_version=&#8221;4.23.4&#8243; _module_preset=&#8221;default&#8221; global_colors_info=&#8221;{}&#8221;]<\/p>\n<p>Po\u010dasni odbor<\/p>\n<ol>\n<li>Marko Jakopovi\u0107, predsjednik Zagreba\u010dkog atletskog saveza<\/li>\n<li>Vjekoslav \u0160afrani\u0107, Predsjednik SSGZ<\/li>\n<li>Martina Bienenfeld, predsjednica Turisti\u010dke zajednice grada Zagreba<\/li>\n<li>Ivan Ve\u0161ti\u0107, predsjednik Hrvatskog atletskog saveza<\/li>\n<\/ol>\n<p>Organizacijski odbor<\/p>\n<ol>\n<li>Marko Jakopovi\u0107 \u2013 predsjednik<\/li>\n<li>Sre\u0107ko Opa\u0161i\u0107 \u2013 tajnik<\/li>\n<li>Neven \u010coli\u0107<\/li>\n<li>Tomislav Sinkovi\u0107<\/li>\n<li>Dragan Jankovi\u0107<\/li>\n<li>Milan Kotur<\/li>\n<li>Marko Katalini\u0107<\/li>\n<li>Matija Jakopovi\u0107<\/li>\n<li>Neven Kova\u010dev<\/li>\n<li>Kre\u0161imir Ko\u0161i\u0107<\/li>\n<li>Marijan Milinkovi\u0107<\/li>\n<li>Ivan Pavunc<\/li>\n<li>Mladen Kr\u0161ek<\/li>\n<li>\u017deljko Grabu\u0161i\u0107<\/li>\n<\/ol>\n<p>[\/et_pb_text][\/et_pb_column][\/et_pb_row][\/et_pb_section]<\/p>\n","protected":false},"excerpt":{"rendered":"<p>Po\u010dasni odbor Marko Jakopovi\u0107, predsjednik Zagreba\u010dkog atletskog saveza Vjekoslav \u0160afrani\u0107, Predsjednik SSGZ Martina Bienenfeld, predsjednica Turisti\u010dke zajednice grada Zagreba Ivan Ve\u0161ti\u0107, predsjednik Hrvatskog atletskog saveza Organizacijski odbor Marko Jakopovi\u0107 \u2013 predsjednik Sre\u0107ko Opa\u0161i\u0107 \u2013 tajnik Neven \u010coli\u0107 Tomislav Sinkovi\u0107 Dragan Jankovi\u0107 Milan Kotur Marko Katalini\u0107 Matija Jakopovi\u0107 Neven Kova\u010dev Kre\u0161imir Ko\u0161i\u0107 Marijan Milinkovi\u0107 Ivan Pavunc [&hellip;]<\/p>\n","protected":false},"author":3,"featured_media":0,"parent":0,"menu_order":0,"comment_status":"closed","ping_status":"closed","template":"","meta":{"_et_pb_use_builder":"on","_et_pb_old_content":"","_et_gb_content_width":"","footnotes":""},"class_list":["post-8822","page","type-page","status-publish","hentry"],"_links":{"self":[{"href":"https:\/\/www.zagreb-marathon.com\/en\/wp-json\/wp\/v2\/pages\/8822","targetHints":{"allow":["GET"]}}],"collection":[{"href":"https:\/\/www.zagreb-marathon.com\/en\/wp-json\/wp\/v2\/pages"}],"about":[{"href":"https:\/\/www.zagreb-marathon.com\/en\/wp-json\/wp\/v2\/types\/page"}],"author":[{"embeddable":true,"href":"https:\/\/www.zagreb-marathon.com\/en\/wp-json\/wp\/v2\/users\/3"}],"replies":[{"embeddable":true,"href":"https:\/\/www.zagreb-marathon.com\/en\/wp-json\/wp\/v2\/comments?post=8822"}],"version-history":[{"count":8,"href":"https:\/\/www.zagreb-marathon.com\/en\/wp-json\/wp\/v2\/pages\/8822\/revisions"}],"predecessor-version":[{"id":10614,"href":"https:\/\/www.zagreb-marathon.com\/en\/wp-json\/wp\/v2\/pages\/8822\/revisions\/10614"}],"wp:attachment":[{"href":"https:\/\/www.zagreb-marathon.com\/en\/wp-json\/wp\/v2\/media?parent=8822"}],"curies":[{"name":"wp","href":"https:\/\/api.w.org\/{rel}","templated":true}]}}