{"id":8827,"date":"2022-01-12T09:14:03","date_gmt":"2022-01-12T08:14:03","guid":{"rendered":"https:\/\/test.zagreb-marathon.com\/?page_id=8827"},"modified":"2025-10-27T11:18:14","modified_gmt":"2025-10-27T10:18:14","slug":"rekorderi-i-dosadasnji-pobjednici-2","status":"publish","type":"page","link":"https:\/\/www.zagreb-marathon.com\/en\/rekorderi-i-dosadasnji-pobjednici-2\/","title":{"rendered":"Records and past winners"},"content":{"rendered":"<p>[et_pb_section fb_built=&#8221;1&#8243; _builder_version=&#8221;4.16&#8243; _module_preset=&#8221;default&#8221; global_colors_info=&#8221;{}&#8221;][et_pb_row _builder_version=&#8221;4.16&#8243; _module_preset=&#8221;default&#8221; global_colors_info=&#8221;{}&#8221;][et_pb_column type=&#8221;4_4&#8243; _builder_version=&#8221;4.16&#8243; _module_preset=&#8221;default&#8221; global_colors_info=&#8221;{}&#8221;][et_pb_text _builder_version=&#8221;4.16&#8243; _dynamic_attributes=&#8221;content&#8221; _module_preset=&#8221;default&#8221; text_font=&#8221;Montserrat|||on|||||&#8221; text_font_size=&#8221;20px&#8221; global_colors_info=&#8221;{}&#8221;]@ET-DC@eyJkeW5hbWljIjp0cnVlLCJjb250ZW50IjoicG9zdF90aXRsZSIsInNldHRpbmdzIjp7ImJlZm9yZSI6IiIsImFmdGVyIjoiIn19@[\/et_pb_text][\/et_pb_column][\/et_pb_row][et_pb_row _builder_version=&#8221;4.16&#8243; _module_preset=&#8221;default&#8221; global_colors_info=&#8221;{}&#8221;][et_pb_column type=&#8221;4_4&#8243; _builder_version=&#8221;4.16&#8243; _module_preset=&#8221;default&#8221; global_colors_info=&#8221;{}&#8221;][et_pb_text _builder_version=&#8221;4.27.4&#8243; _module_preset=&#8221;default&#8221; hover_enabled=&#8221;0&#8243; global_colors_info=&#8221;{}&#8221; sticky_enabled=&#8221;0&#8243;]<\/p>\n<p><strong>Rekord staze<\/strong><\/p>\n<ul>\n<li>\u017eene \u2013<span>\u00a0<\/span><span>2:30:15 (Stellah Jepngetich Barosio, 2017)<\/span><\/li>\n<li>mu\u0161karci \u2013<span>\u00a0<\/span><span>2:09:55 (Wycliffe Kipkorir Biwot, 2017)<\/span><\/li>\n<\/ul>\n<p>&nbsp;<\/p>\n<p><strong>Dosada\u0161nji pobjednici<\/strong><\/p>\n<ul>\n<li>2025. &#8211; Ruth Nundu Mbatha | Cosmas Kigen<\/li>\n<li>2024. &#8211; Tea Faber | Ivan Dra\u010dar<\/li>\n<li>2023. &#8211; Nata\u0161a \u0160usti\u0107 | Jean Baptiste Simukeka<\/li>\n<li>2022. &#8211; Viva Kova\u010d | Jean Baptiste Simukeka<\/li>\n<li>2021. &#8211; Tea Faber | Ivan Dra\u010dar<\/li>\n<li>2019. \u2013 Rebecca Korir | Wycliffe Kipkorir Biwot<\/li>\n<li>2018. \u2013 Olivera Jevti\u0107 i Hosea Kiplagat Tuei<\/li>\n<li>2017. \u2013 Stellah Jepngetich Barosio i Wycliffe Kipkorir Biwot<\/li>\n<li>2016. \u2013 Stellah Jepngetich Barosio i Wycliffe Kipkorir Biwot<\/li>\n<li>2015. \u2013 Stellah Jepngetich Barosio i Gadisa Birhanau Shumie<\/li>\n<li>2014. \u2013 Olivera Jevti\u0107 i Luke Kibet<\/li>\n<li>2013. \u2013 Ana Suboti\u0107 i Maiyo Stanley Kiprop<\/li>\n<li>2012. \u2013 Ana Suboti\u0107 i Wycliffe Kipkorir Biwot<\/li>\n<li>2011. \u2013 Lucia Kimani i Yared Admasu Mirat<\/li>\n<li>2010. \u2013 Veronika Lopatin i Erkol\u00f3 Ashenafi<\/li>\n<li>2009. \u2013 Irina Mashkantseva i Andrey Bryzgalov<\/li>\n<li>2008. \u2013 Tatjana Perepelkina i \u0110uro Kod\u017eo<\/li>\n<li>2007. \u2013 Maria Magdalena Luca Teoderascu i \u0110uro Kod\u017eo<\/li>\n<li>2006. \u2013 Marijana Luki\u0107 i Sergej Aleksandrov<\/li>\n<li>2005. \u2013 Marijana Luki\u0107 i Emanuelle Zenucchi<\/li>\n<li>2004. \u2013 Marijana Luki\u0107 i Sreten Ninkovi\u0107<\/li>\n<li>2003. \u2013 Kinga Pracser i Bela Horvath<\/li>\n<li>2002. \u2013 Kinga Pracser i Roman Kej\u017ear<\/li>\n<li>2001. \u2013 Anica \u017divko i Alexandre Gourine<\/li>\n<li>2000. \u2013 Gouzel Tazetdinova i Drago Paripovi\u0107<\/li>\n<li>1999. \u2013 Svetlana Tkach i Alexey Belosludsev<\/li>\n<li>1998. \u2013 Ida Kovacs i Janos Szeman<\/li>\n<li>1997. \u2013 Svetlana Tkach i Mirko Vindi\u0161<\/li>\n<li>1996. \u2013 Svetlana Tkach i Drago Paripovi\u0107<\/li>\n<li>1995. \u2013 Svetlana Tkach i Roman Kej\u017ear<\/li>\n<li>1994. \u2013 Manddy Lo \u2013 Mirko Vindi\u0161<\/li>\n<li>1993. \u2013 Slavica Br\u010di\u0107 i Drago Paripovi\u0107<\/li>\n<li>1992. \u2013 Slavica Br\u010di\u0107 i Sre\u0107ko Kon\u010dina<\/li>\n<\/ul>\n<p>[\/et_pb_text][\/et_pb_column][\/et_pb_row][\/et_pb_section]<\/p>\n","protected":false},"excerpt":{"rendered":"<p>Rekord staze \u017eene \u2013\u00a02:30:15 (Stellah Jepngetich Barosio, 2017) mu\u0161karci \u2013\u00a02:09:55 (Wycliffe Kipkorir Biwot, 2017) &nbsp; Dosada\u0161nji pobjednici 2025. &#8211; Ruth Nundu Mbatha | Cosmas Kigen 2024. &#8211; Tea Faber | Ivan Dra\u010dar 2023. &#8211; Nata\u0161a \u0160usti\u0107 | Jean Baptiste Simukeka 2022. &#8211; Viva Kova\u010d | Jean Baptiste Simukeka 2021. &#8211; Tea Faber | Ivan Dra\u010dar [&hellip;]<\/p>\n","protected":false},"author":3,"featured_media":0,"parent":0,"menu_order":0,"comment_status":"closed","ping_status":"closed","template":"","meta":{"_et_pb_use_builder":"on","_et_pb_old_content":"","_et_gb_content_width":"","footnotes":""},"class_list":["post-8827","page","type-page","status-publish","hentry"],"_links":{"self":[{"href":"https:\/\/www.zagreb-marathon.com\/en\/wp-json\/wp\/v2\/pages\/8827","targetHints":{"allow":["GET"]}}],"collection":[{"href":"https:\/\/www.zagreb-marathon.com\/en\/wp-json\/wp\/v2\/pages"}],"about":[{"href":"https:\/\/www.zagreb-marathon.com\/en\/wp-json\/wp\/v2\/types\/page"}],"author":[{"embeddable":true,"href":"https:\/\/www.zagreb-marathon.com\/en\/wp-json\/wp\/v2\/users\/3"}],"replies":[{"embeddable":true,"href":"https:\/\/www.zagreb-marathon.com\/en\/wp-json\/wp\/v2\/comments?post=8827"}],"version-history":[{"count":7,"href":"https:\/\/www.zagreb-marathon.com\/en\/wp-json\/wp\/v2\/pages\/8827\/revisions"}],"predecessor-version":[{"id":10541,"href":"https:\/\/www.zagreb-marathon.com\/en\/wp-json\/wp\/v2\/pages\/8827\/revisions\/10541"}],"wp:attachment":[{"href":"https:\/\/www.zagreb-marathon.com\/en\/wp-json\/wp\/v2\/media?parent=8827"}],"curies":[{"name":"wp","href":"https:\/\/api.w.org\/{rel}","templated":true}]}}