{"id":9181,"date":"2022-09-28T08:50:13","date_gmt":"2022-09-28T07:50:13","guid":{"rendered":"https:\/\/www.zagreb-marathon.com\/?page_id=9181"},"modified":"2024-06-05T08:58:29","modified_gmt":"2024-06-05T07:58:29","slug":"stafete","status":"publish","type":"page","link":"https:\/\/www.zagreb-marathon.com\/en\/stafete\/","title":{"rendered":"Relays"},"content":{"rendered":"<p>[et_pb_section fb_built=&#8221;1&#8243; _builder_version=&#8221;4.17.3&#8243; _module_preset=&#8221;default&#8221; global_colors_info=&#8221;{}&#8221;][et_pb_row _builder_version=&#8221;4.17.3&#8243; _module_preset=&#8221;default&#8221; global_colors_info=&#8221;{}&#8221;][et_pb_column type=&#8221;4_4&#8243; _builder_version=&#8221;4.17.3&#8243; _module_preset=&#8221;default&#8221; global_colors_info=&#8221;{}&#8221;][et_pb_text _builder_version=&#8221;4.17.3&#8243; _module_preset=&#8221;default&#8221; text_font_size=&#8221;17px&#8221; global_colors_info=&#8221;{}&#8221;]<\/p>\n<p><strong>INFORMACIJE O \u0160TAFETAMA<\/strong><\/p>\n<p>[\/et_pb_text][et_pb_text _builder_version=&#8221;4.23.4&#8243; _module_preset=&#8221;default&#8221; hover_enabled=&#8221;0&#8243; global_colors_info=&#8221;{}&#8221; sticky_enabled=&#8221;0&#8243;]<\/p>\n<p style=\"box-sizing: border-box; margin: 0px; padding: 0px 0px 1em; border: 0px; outline: 0px; font-size: 14px; text-size-adjust: 100%; vertical-align: baseline; background: #ffffff; color: #666666; font-family: 'Open Sans', Arial, sans-serif; font-style: normal; font-variant-ligatures: normal; font-variant-caps: normal; font-weight: 500; letter-spacing: normal; orphans: 2; text-align: left; text-indent: 0px; text-transform: none; widows: 2; word-spacing: 0px; -webkit-text-stroke-width: 0px; white-space: normal; text-decoration-thickness: initial; text-decoration-style: initial; text-decoration-color: initial;\"><span style=\"box-sizing: border-box; margin: 0px; padding: 0px; border: 0px; outline: 0px; font-size: 14px; text-size-adjust: 100%; vertical-align: baseline; background: transparent;\">\u0160tafete se sastoje od 4 \u010dlana neovisno o spolu. Na svojim brojevima (uz broj \u0161tafete) imaju oznake A (prvi \u010dlan), B (drugi \u010dlan), C (tre\u0107i \u010dlan) i D (\u010detvrti \u010dlan). Brojevi se stavljaju isklju\u010divo na prsa.<\/span><\/p>\n<p style=\"box-sizing: border-box; margin: 0px; padding: 0px 0px 1em; border: 0px; outline: 0px; font-size: 14px; text-size-adjust: 100%; vertical-align: baseline; background: #ffffff; color: #666666; font-family: 'Open Sans', Arial, sans-serif; font-style: normal; font-variant-ligatures: normal; font-variant-caps: normal; font-weight: 500; letter-spacing: normal; orphans: 2; text-align: left; text-indent: 0px; text-transform: none; widows: 2; word-spacing: 0px; -webkit-text-stroke-width: 0px; white-space: normal; text-decoration-thickness: initial; text-decoration-style: initial; text-decoration-color: initial;\"><span style=\"box-sizing: border-box; margin: 0px; padding: 0px; border: 0px; outline: 0px; font-size: 14px; text-size-adjust: 100%; vertical-align: baseline; background: transparent;\">A trka\u010d starta zajedno s ostalim trka\u010dima na polumaratonu i maratonu. Ostali trka\u010di B, C i D \u010dekaju u zoni izmjene koja \u0107e biti na raskri\u017eju Vla\u0161ke i Von\u010dinine ulice. Pribli\u017ene dionice za pojedinog trka\u010da kako bi najbolje slo\u017eili izmjene:<\/span><\/p>\n<p style=\"box-sizing: border-box; margin: 0px; padding: 0px; border: 0px; outline: 0px; font-size: 14px; text-size-adjust: 100%; vertical-align: baseline; background: #ffffff; color: #666666; font-family: 'Open Sans', Arial, sans-serif; font-style: normal; font-variant-ligatures: normal; font-variant-caps: normal; font-weight: 500; letter-spacing: normal; orphans: 2; text-align: left; text-indent: 0px; text-transform: none; widows: 2; word-spacing: 0px; -webkit-text-stroke-width: 0px; white-space: normal; text-decoration-thickness: initial; text-decoration-style: initial; text-decoration-color: initial;\"><span style=\"box-sizing: border-box; margin: 0px; padding: 0px; border: 0px; outline: 0px; font-size: 14px; text-size-adjust: 100%; vertical-align: baseline; background: transparent;\">A \u2013 7 km \u00a0\u00a0\u00a0\u00a0\u00a0\u00a0\u00a0\u00a0 B \u2013 15 km \u00a0\u00a0\u00a0\u00a0\u00a0\u00a0\u00a0\u00a0\u00a0\u00a0 C \u2013 10 km \u00a0\u00a0\u00a0\u00a0\u00a0\u00a0\u00a0\u00a0 D \u2013 10,0 km<\/span><\/p>\n<p>[\/et_pb_text][\/et_pb_column][\/et_pb_row][\/et_pb_section]<\/p>\n","protected":false},"excerpt":{"rendered":"<p>INFORMACIJE O \u0160TAFETAMA\u0160tafete se sastoje od 4 \u010dlana neovisno o spolu. Na svojim brojevima (uz broj \u0161tafete) imaju oznake A (prvi \u010dlan), B (drugi \u010dlan), C (tre\u0107i \u010dlan) i D (\u010detvrti \u010dlan). Brojevi se stavljaju isklju\u010divo na prsa. A trka\u010d starta zajedno s ostalim trka\u010dima na polumaratonu i maratonu. Ostali trka\u010di B, C i D [&hellip;]<\/p>\n","protected":false},"author":3,"featured_media":0,"parent":0,"menu_order":0,"comment_status":"closed","ping_status":"closed","template":"","meta":{"_et_pb_use_builder":"on","_et_pb_old_content":"","_et_gb_content_width":"","footnotes":""},"class_list":["post-9181","page","type-page","status-publish","hentry"],"_links":{"self":[{"href":"https:\/\/www.zagreb-marathon.com\/en\/wp-json\/wp\/v2\/pages\/9181","targetHints":{"allow":["GET"]}}],"collection":[{"href":"https:\/\/www.zagreb-marathon.com\/en\/wp-json\/wp\/v2\/pages"}],"about":[{"href":"https:\/\/www.zagreb-marathon.com\/en\/wp-json\/wp\/v2\/types\/page"}],"author":[{"embeddable":true,"href":"https:\/\/www.zagreb-marathon.com\/en\/wp-json\/wp\/v2\/users\/3"}],"replies":[{"embeddable":true,"href":"https:\/\/www.zagreb-marathon.com\/en\/wp-json\/wp\/v2\/comments?post=9181"}],"version-history":[{"count":5,"href":"https:\/\/www.zagreb-marathon.com\/en\/wp-json\/wp\/v2\/pages\/9181\/revisions"}],"predecessor-version":[{"id":9604,"href":"https:\/\/www.zagreb-marathon.com\/en\/wp-json\/wp\/v2\/pages\/9181\/revisions\/9604"}],"wp:attachment":[{"href":"https:\/\/www.zagreb-marathon.com\/en\/wp-json\/wp\/v2\/media?parent=9181"}],"curies":[{"name":"wp","href":"https:\/\/api.w.org\/{rel}","templated":true}]}}