{"id":9286,"date":"2023-02-02T09:27:49","date_gmt":"2023-02-02T08:27:49","guid":{"rendered":"https:\/\/www.zagreb-marathon.com\/?page_id=9286"},"modified":"2025-01-14T14:23:31","modified_gmt":"2025-01-14T13:23:31","slug":"abbottwmm-wanda-age-group-world-rankings","status":"publish","type":"page","link":"https:\/\/www.zagreb-marathon.com\/en\/abbottwmm-wanda-age-group-world-rankings\/","title":{"rendered":"ABBOTTWMM WANDA AGE GROUP WORLD RANKINGS"},"content":{"rendered":"\n[et_pb_section fb_built=&#8221;1&#8243; _builder_version=&#8221;4.19.4&#8243; _module_preset=&#8221;default&#8221; global_colors_info=&#8221;{}&#8221;][et_pb_row _builder_version=&#8221;4.19.4&#8243; _module_preset=&#8221;default&#8221; global_colors_info=&#8221;{}&#8221;][et_pb_column type=&#8221;4_4&#8243; _builder_version=&#8221;4.19.4&#8243; _module_preset=&#8221;default&#8221; global_colors_info=&#8221;{}&#8221;][et_pb_post_title _builder_version=&#8221;4.19.4&#8243; _module_preset=&#8221;default&#8221; global_colors_info=&#8221;{}&#8221;][\/et_pb_post_title][\/et_pb_column][\/et_pb_row][et_pb_row _builder_version=&#8221;4.19.4&#8243; _module_preset=&#8221;default&#8221; global_colors_info=&#8221;{}&#8221;][et_pb_column type=&#8221;4_4&#8243; _builder_version=&#8221;4.19.4&#8243; _module_preset=&#8221;default&#8221; global_colors_info=&#8221;{}&#8221;][et_pb_image src=&#8221;http:\/\/www.zagreb-marathon.com\/wp-content\/uploads\/AWMM_MTT_AGQ_FC.jpg&#8221; title_text=&#8221;AWMM_MTT_AGQ_FC&#8221; align=&#8221;center&#8221; _builder_version=&#8221;4.23.4&#8243; _module_preset=&#8221;default&#8221; hover_enabled=&#8221;0&#8243; global_colors_info=&#8221;{}&#8221; sticky_enabled=&#8221;0&#8243;][\/et_pb_image][\/et_pb_column][\/et_pb_row][et_pb_row _builder_version=&#8221;4.19.4&#8243; _module_preset=&#8221;default&#8221; global_colors_info=&#8221;{}&#8221;][et_pb_column type=&#8221;4_4&#8243; _builder_version=&#8221;4.19.4&#8243; _module_preset=&#8221;default&#8221; global_colors_info=&#8221;{}&#8221;][et_pb_text _builder_version=&#8221;4.19.4&#8243; _module_preset=&#8221;default&#8221; global_colors_info=&#8221;{}&#8221;]<p><strong>O ABBOTT WORLD MARATHON MAJORS<\/strong><\/p>\n<p>Abbott World Marathon Majors (AbbottWMM) je serija od \u0161est najve\u0107ih i najpoznatijih maratona na svijetu &#8211; Tokijski maraton, B.A.A. Bostonski maraton, TCS Londonski maraton, BMW BERLIN-MARATHON, Bank of America Chicago maraton i TCS New York City maraton.<\/p>\n<p>Obuhva\u0107aju\u0107i godi\u0161nju seriju za elitne trka\u010de i elitne sporta\u0161e u invalidskim kolicima, AbbottWMM tako\u0111er pozdravlja postignu\u0107a i strast svakodnevnih prvaka iz cijelog svijeta. AbbottWMM sustav sa \u0161est zvjezdica mre\u017eno je sredi\u0161te rezultata koje slavi svakog trka\u010da koji je zavr\u0161io od jedne do \u0161est utrka u seriji i poti\u010de ih da &#8220;dohvate zvijezde&#8221;.<\/p>\n<p>AbbottWMM je 2018. pokrenuo svjetsku rang listu AbbottWMM Wanda Age Group World Rankings, a druga utrka Svjetskog prvenstva AbbottWMM Wanda Age Group odr\u017eat \u0107e se 2. listopada 2022. u sklopu TCS London Marathona.<\/p>\n<p>AbbottWMM Global Run Club pokrenut je u kolovozu 2020. i ima za cilj okupiti globalnu zajednicu maratonaca na virtualnoj platformi.<\/p>\n<p>Za vi\u0161e informacija posjetite <a href=\"www.Abbottwmm.com\">www.Abbottwmm.com<\/a> i <a href=\"http:\/\/www.Abbottwmmglobalrunclub.com\">www.Abbottwmmglobalrunclub.com<\/a><\/p>\n<p><strong>O ABBOTT-u<\/strong><\/p>\n<p>Abbott je globalni lider u zdravstvu koji poma\u017ee ljudima \u017eivjeti potpunije u svim \u017eivotnim razdobljima. Na\u0161 portfelj tehnologija koje mijenjaju \u017eivot obuhva\u0107a cijeli spektar zdravstvene skrbi, s vode\u0107im poslovima i proizvodima u dijagnostici, medicinskim ure\u0111ajima, prehrambenim proizvodima i markiranim generi\u010dkim lijekovima. Na\u0161ih 113.000 kolega slu\u017ei ljudima u vi\u0161e od 160 zemalja.<\/p>\n<p>Pove\u017eite se s nama na <a href=\"www.abbott.com\">www.abbott.com<\/a>,<br \/>na LinkedInu na<a href=\"www.linkedin.com\/company\/abbott-\/\"> www.linkedin.com\/company\/abbott-\/<\/a>,<br \/>na Facebooku na <a href=\"www.facebook.com\/Abbott\">www.facebook.com\/Abbott<\/a> i na Twitteru @AbbottNews.<\/p>\n<p><strong>O INFRONT<\/strong><\/p>\n<p>Povezuju\u0107i obo\u017eavatelje i potro\u0161a\u010de s najve\u0107im sportskim doga\u0111ajima, Infront, tvrtka Wanda Sports Group, nudi sve \u0161to jednom doga\u0111aju ili komercijalnom partneru treba da bude uspje\u0161an. S timom od oko 1000 stru\u010dnjaka koji rade iz 44 ureda u 17 zemalja diljem svijeta, Infront je opremljen da se uhvati u ko\u0161tac sa svim izazovima \u2013 bilo da se radi o inovativnim digitalnim rje\u0161enjima, operacijama doga\u0111aja svjetske klase, me\u0111unarodnoj distribuciji medijskih prava, sponzorskoj prodaji i aktivacijama ili rezovima- proizvodnja rubnih medija. Sa sjedi\u0161tem u \u0160vicarskoj, Infront je strastven i #AllAboutSports. @infrontsports <a href=\"www.infront.sport\">www.infront.sport<\/a><\/p>[\/et_pb_text][\/et_pb_column][\/et_pb_row][\/et_pb_section]\n","protected":false},"excerpt":{"rendered":"<p>O ABBOTT WORLD MARATHON MAJORS Abbott World Marathon Majors (AbbottWMM) je serija od \u0161est najve\u0107ih i najpoznatijih maratona na svijetu &#8211; Tokijski maraton, B.A.A. Bostonski maraton, TCS Londonski maraton, BMW BERLIN-MARATHON, Bank of America Chicago maraton i TCS New York City maraton. Obuhva\u0107aju\u0107i godi\u0161nju seriju za elitne trka\u010de i elitne sporta\u0161e u invalidskim kolicima, AbbottWMM [&hellip;]<\/p>\n","protected":false},"author":3,"featured_media":0,"parent":0,"menu_order":0,"comment_status":"closed","ping_status":"closed","template":"","meta":{"_et_pb_use_builder":"on","_et_pb_old_content":"","_et_gb_content_width":"","footnotes":""},"class_list":["post-9286","page","type-page","status-publish","hentry"],"_links":{"self":[{"href":"https:\/\/www.zagreb-marathon.com\/en\/wp-json\/wp\/v2\/pages\/9286","targetHints":{"allow":["GET"]}}],"collection":[{"href":"https:\/\/www.zagreb-marathon.com\/en\/wp-json\/wp\/v2\/pages"}],"about":[{"href":"https:\/\/www.zagreb-marathon.com\/en\/wp-json\/wp\/v2\/types\/page"}],"author":[{"embeddable":true,"href":"https:\/\/www.zagreb-marathon.com\/en\/wp-json\/wp\/v2\/users\/3"}],"replies":[{"embeddable":true,"href":"https:\/\/www.zagreb-marathon.com\/en\/wp-json\/wp\/v2\/comments?post=9286"}],"version-history":[{"count":4,"href":"https:\/\/www.zagreb-marathon.com\/en\/wp-json\/wp\/v2\/pages\/9286\/revisions"}],"predecessor-version":[{"id":10046,"href":"https:\/\/www.zagreb-marathon.com\/en\/wp-json\/wp\/v2\/pages\/9286\/revisions\/10046"}],"wp:attachment":[{"href":"https:\/\/www.zagreb-marathon.com\/en\/wp-json\/wp\/v2\/media?parent=9286"}],"curies":[{"name":"wp","href":"https:\/\/api.w.org\/{rel}","templated":true}]}}