{"id":10111,"date":"2025-02-14T13:27:17","date_gmt":"2025-02-14T12:27:17","guid":{"rendered":"https:\/\/www.zagreb-marathon.com\/?page_id=10111"},"modified":"2025-02-14T13:27:17","modified_gmt":"2025-02-14T12:27:17","slug":"pravilnik-za-kreativni-natjecaj-povodom-valentinova-parovi-koji-trce-skupa-ostaju-skupa","status":"publish","type":"page","link":"https:\/\/www.zagreb-marathon.com\/hr\/pravilnik-za-kreativni-natjecaj-povodom-valentinova-parovi-koji-trce-skupa-ostaju-skupa\/","title":{"rendered":"PRAVILNIK ZA KREATIVNI NATJE\u010cAJ POVODOM VALENTINOVA \u201cPAROVI KOJI TR\u010cE SKUPA, OSTAJU SKUPA!\u201d"},"content":{"rendered":"<p>[et_pb_section fb_built=&#8221;1&#8243; _builder_version=&#8221;4.27.4&#8243; _module_preset=&#8221;default&#8221; global_colors_info=&#8221;{}&#8221;][et_pb_row _builder_version=&#8221;4.27.4&#8243; _module_preset=&#8221;default&#8221; global_colors_info=&#8221;{}&#8221;][et_pb_column type=&#8221;4_4&#8243; _builder_version=&#8221;4.27.4&#8243; _module_preset=&#8221;default&#8221; global_colors_info=&#8221;{}&#8221;][et_pb_text _builder_version=&#8221;4.27.4&#8243; _module_preset=&#8221;default&#8221; global_colors_info=&#8221;{}&#8221;]<\/p>\n<p><strong>\u00a0<span class=\"fontstyle0\">PRAVILNIK ZA KREATIVNI NATJE\u010cAJ POVODOM VALENTINOVA &#8220;PAROVI <\/span><span class=\"fontstyle0\">KOJI TR\u010cE SKUPA, OSTAJU SKUPA!&#8221;<\/span><\/strong><\/p>\n<p>&nbsp;<\/p>\n<p><strong><span class=\"fontstyle0\">\u010clanak 1. \u2013 Organizator natje\u010daja<\/span><\/strong><\/p>\n<p><span class=\"fontstyle0\">Kreativni natje\u010daj organizira i prire\u0111uje: <\/span><\/p>\n<p><span class=\"fontstyle0\">Zagreba\u010dki atletski savez<br \/><\/span><span class=\"fontstyle0\">Savska cesta 137, 10000 Zagreb, Hrvatska<br \/><\/span><span class=\"fontstyle0\">Tel: +385 1 6431031<br \/><\/span><span class=\"fontstyle0\">Fax: +385 1 6431055<br \/><\/span><span class=\"fontstyle0\"><a href=\"mailto:info@zagreb-marathon.com\">info@zagreb-marathon.com<\/a><br \/><\/span><span class=\"fontstyle0\"><a href=\"http:\/\/www.zas.hr\">www.zas.hr<\/a><br \/><\/span><span class=\"fontstyle0\">OIB: 94266637361<\/span><\/p>\n<p><span class=\"fontstyle0\"><\/span><\/p>\n<p><strong><span class=\"fontstyle0\">\u010clanak 2. \u2013 Svrha natje\u010daja<\/span><\/strong><\/p>\n<p><span class=\"fontstyle0\">Natje\u010daj se provodi u svrhu promocije Zagreba\u010dkog maratona, promicanja tr\u010danja kao zdravog na\u010dina \u017eivota i nagra\u0111ivanja kreativnosti parova koji dijele ljubav prema tr\u010danju.<\/span><\/p>\n<p>&nbsp;<\/p>\n<p><strong><span class=\"fontstyle0\">\u010clanak 3. \u2013 Trajanje natje\u010daja<\/span><\/strong><\/p>\n<p><span class=\"fontstyle0\">Natje\u010daj traje od 14. velja\u010de 2025. godine do 21. velja\u010de 2025. godine do 23:59 sati. Pobjednik \u0107e biti progla\u0161en 22 velja\u010de 2025. godine.<\/span><\/p>\n<p>&nbsp;<\/p>\n<p><strong><span class=\"fontstyle0\">\u010clanak 4. \u2013 Nagrada<\/span><\/strong><\/p>\n<p><span class=\"fontstyle0\">Nagrada za najljep\u0161u pri\u010du o ljubavi prema tr\u010danju uklju\u010duje jednog pobjednika koji osvaja dvije startnine za Zagreba\u010dki maraton, polumaraton ili Garmin trku. Startnine ne moraju <\/span><span class=\"fontstyle0\">biti jednake (npr. jedna mo\u017ee biti za maraton, a druga za polumaraton ili Garmin). Nagrade se ne mogu zamijeniti za novac niti za druge proizvode ili usluge.<\/span><\/p>\n<p>&nbsp;<\/p>\n<p><strong><span class=\"fontstyle0\">\u010clanak 5. \u2013 Pravo sudjelovanja<\/span><\/strong><\/p>\n<p><span class=\"fontstyle0\">Pravo sudjelovanja imaju parovi (jedan ili oba \u010dlana para) koji imaju najmanje 18 godina. Zaposlenici Organizatora i njihovi bli\u017ei \u010dlanovi obitelji (roditelji, partneri, djeca, sestre, bra\u0107a) nemaju pravo sudjelovanja u natje\u010daju.<\/span><\/p>\n<p>&nbsp;<\/p>\n<p><span class=\"fontstyle0\"><strong>\u010clanak 6. \u2013 Uvjeti sudjelovanja<\/strong> <\/span><\/p>\n<p><span class=\"fontstyle0\">Za sudjelovanje u natje\u010daju, parovi moraju:<br \/><\/span><span class=\"fontstyle0\">1. Opisati svoju najljep\u0161u pri\u010du o tome kako su se zaljubili u tr\u010danje kao par.<br \/><\/span><span class=\"fontstyle0\">2. Objaviti odgovor u komentaru ispod objave na slu\u017ebenoj Instagram stranici Organizatora.<\/span><\/p>\n<p>&nbsp;<\/p>\n<p><strong><span class=\"fontstyle0\">\u010clanak 7. \u2013 Odabir pobjednika<\/span><\/strong><\/p>\n<p><span class=\"fontstyle0\">Pobjednik \u0107e biti odabran na temelju kreativnosti i emotivnosti pri\u010de. Odluku donosi stru\u010dna komisija Organizatora. Pobjednik \u0107e biti progla\u0161en 22. velja\u010de 2025. godine, a ime pobjednika bit \u0107e objavljeno na slu\u017ebenoj Instagram stranici Organizatora.<\/span><\/p>\n<p>&nbsp;<\/p>\n<p><strong><span class=\"fontstyle0\">\u010clanak 8. \u2013 Objavljivanje rezultata<\/span><\/strong><\/p>\n<p><span class=\"fontstyle0\">Pobjednik natje\u010daja bit \u0107e objavljen 22. velja\u010de 2025. godine na slu\u017ebenoj Instagram stranici Organizatora. Organizator \u0107e kontaktirati pobjednika putem privatne poruke na Instagramu. <\/span><\/p>\n<p><span class=\"fontstyle0\"><\/span><\/p>\n<p><strong><span class=\"fontstyle0\">\u010clanak 9. \u2013 Preuzimanje nagrade<\/span><\/strong><\/p>\n<p><span class=\"fontstyle0\">Ukoliko pobjednik ne dostavi tra\u017eene podatke u predvi\u0111enom roku (60 dana od objavljivanja rezultata), gubi pravo na nagradu.<\/span><\/p>\n<p>&nbsp;<\/p>\n<p><strong><span class=\"fontstyle0\">\u010clanak 10. \u2013 Upotreba osobnih podataka<\/span><\/strong><\/p>\n<p><span class=\"fontstyle0\">Sudjelovanjem u natje\u010daju, sudionici pristaju na obradu svojih osobnih podataka u svrhu provo\u0111enja natje\u010daja. Podaci \u0107e biti prikupljeni, pohranjeni i kori\u0161teni isklju\u010divo u svrhu dodjele nagrada i obavijesti vezanih uz natje\u010daj.<\/span><\/p>\n<p>&nbsp;<\/p>\n<p><strong><span class=\"fontstyle0\">\u010clanak 11. \u2013 Odgovornost<\/span><\/strong><\/p>\n<p><span class=\"fontstyle0\">Organizator ne snosi odgovornost za tehni\u010dke pote\u0161ko\u0107e ili gre\u0161ke u prijavi, kao ni za bilo kakve \u0161tete nastale sudjelovanjem u natje\u010daju.<\/span><\/p>\n<p>&nbsp;<\/p>\n<p><strong><span class=\"fontstyle0\">\u010clanak 12. \u2013 Izmjene pravilnika<\/span><\/strong><\/p>\n<p><span class=\"fontstyle0\">Organizator zadr\u017eava pravo izmjene ovog pravilnika, uklju\u010duju\u0107i produ\u017eenje trajanja natje\u010daja ili promjene uvjeta sudjelovanja, u skladu s va\u017ee\u0107im zakonodavstvom.<\/span><\/p>\n<p>&nbsp;<\/p>\n<p><strong><span class=\"fontstyle0\">\u010clanak 13. \u2013 Nadle\u017enost u slu\u010daju spora<\/span><\/strong><\/p>\n<p><span class=\"fontstyle0\">U slu\u010daju spora, nadle\u017ean je sud u Zagrebu.<\/span><\/p>\n<p>[\/et_pb_text][\/et_pb_column][\/et_pb_row][\/et_pb_section]<\/p>\n","protected":false},"excerpt":{"rendered":"<p>\u00a0PRAVILNIK ZA KREATIVNI NATJE\u010cAJ POVODOM VALENTINOVA &#8220;PAROVI KOJI TR\u010cE SKUPA, OSTAJU SKUPA!&#8221; &nbsp; \u010clanak 1. \u2013 Organizator natje\u010daja Kreativni natje\u010daj organizira i prire\u0111uje: Zagreba\u010dki atletski savezSavska cesta 137, 10000 Zagreb, HrvatskaTel: +385 1 6431031Fax: +385 1 6431055info@zagreb-marathon.comwww.zas.hrOIB: 94266637361 \u010clanak 2. \u2013 Svrha natje\u010daja Natje\u010daj se provodi u svrhu promocije Zagreba\u010dkog maratona, promicanja tr\u010danja kao zdravog [&hellip;]<\/p>\n","protected":false},"author":3,"featured_media":0,"parent":0,"menu_order":0,"comment_status":"closed","ping_status":"closed","template":"","meta":{"_et_pb_use_builder":"on","_et_pb_old_content":"","_et_gb_content_width":"","footnotes":""},"class_list":["post-10111","page","type-page","status-publish","hentry"],"_links":{"self":[{"href":"https:\/\/www.zagreb-marathon.com\/hr\/wp-json\/wp\/v2\/pages\/10111","targetHints":{"allow":["GET"]}}],"collection":[{"href":"https:\/\/www.zagreb-marathon.com\/hr\/wp-json\/wp\/v2\/pages"}],"about":[{"href":"https:\/\/www.zagreb-marathon.com\/hr\/wp-json\/wp\/v2\/types\/page"}],"author":[{"embeddable":true,"href":"https:\/\/www.zagreb-marathon.com\/hr\/wp-json\/wp\/v2\/users\/3"}],"replies":[{"embeddable":true,"href":"https:\/\/www.zagreb-marathon.com\/hr\/wp-json\/wp\/v2\/comments?post=10111"}],"version-history":[{"count":7,"href":"https:\/\/www.zagreb-marathon.com\/hr\/wp-json\/wp\/v2\/pages\/10111\/revisions"}],"predecessor-version":[{"id":10130,"href":"https:\/\/www.zagreb-marathon.com\/hr\/wp-json\/wp\/v2\/pages\/10111\/revisions\/10130"}],"wp:attachment":[{"href":"https:\/\/www.zagreb-marathon.com\/hr\/wp-json\/wp\/v2\/media?parent=10111"}],"curies":[{"name":"wp","href":"https:\/\/api.w.org\/{rel}","templated":true}]}}