{"id":128,"date":"2014-08-16T09:11:26","date_gmt":"2014-08-16T09:11:26","guid":{"rendered":"http:\/\/artbees.net\/themes\/jupiter\/big-vision\/?page_id=128"},"modified":"2024-01-29T08:58:47","modified_gmt":"2024-01-29T07:58:47","slug":"povijest-zagrebackog-maratona","status":"publish","type":"page","link":"https:\/\/www.zagreb-marathon.com\/hr\/povijest-zagrebackog-maratona\/","title":{"rendered":"Povijest Zagreba\u010dkog maratona"},"content":{"rendered":"<p>[et_pb_section admin_label=&#8221;section&#8221;]<br \/>\n\t\t\t[et_pb_row admin_label=&#8221;row&#8221;]<br \/>\n\t\t\t\t[et_pb_column type=&#8221;4_4&#8243;][et_pb_text admin_label=&#8221;Text&#8221;]Zagreba\u010dki maraton je pokrenut 1992. godine na inicijativu tada\u0161njeg Izvr\u0161nog odbora Atletskog dru\u0161tva Veteran. Na prvoj trci, odr\u017eanoj 11. listopada 1992. g. na cilj je stiglo 70 sudionika, od \u010dega samo 4 \u017eene. Broj sudionika je tijekom godina sporo napredovao pa smo, primjerice, na petom izdanju imali tek 112 fini\u0161era (6 \u017eena). Ni sljede\u0107i petogodi\u0161nji period nije donio neki zna\u010dajniji &#8220;bum&#8221;. Cilja se u desetom jubilarnom zagreba\u010dkom maratonu dokopalo 158 maratonaca (14 \u017eena).<\/p>\n<p>Staza se dosta mijenjala u prvih 13 godina, sve do 2004. godine, kada je startno-ciljni prostor pomaknut u sami centar grada, na Trg Bana Jela\u010di\u0107a, s poluokretima u Dubravi i \u010crnomercu, \u0161to se pokazalo jednim od klju\u010dnih organizacijskih elemenata, koji je donio &#8220;novu eru&#8221; Zagreba\u010dkog maratona. Uvo\u0111enjem polumaratona godinu dana kasnije, osjetno se dobilo i na ukupnoj masovnosti, koja je od tada po\u010dela rapidno rasti. Zahvaljuju\u0107i tome, na 15. izdanju su se skupila 393 trka\u010da, od \u010dega 154 na maratonu (10 \u017eena) i 239 na polumaratonu (38 \u017eena). Daljnji tijek masovnosti je izgledao ovako:<\/p>\n<ul>\n<li style=\"list-style-type: none;\">\n<ul>\n<li><span style=\"color: #2d7bbf;\">2007.g.<\/span> \u2013 ukupno <span style=\"color: #2d7bbf;\">512<\/span> : maraton 194 (17 \u017eena); polumaraton 318 (46 \u017eena)<\/li>\n<li><span style=\"color: #2d7bbf;\">2008.g.<\/span> \u2013 ukupno <span style=\"color: #2d7bbf;\">542<\/span>; maraton 212 (26 \u017eena); polumaraton 330 (50 \u017eena)<\/li>\n<li><span style=\"color: #2d7bbf;\">2009.g.<\/span> \u2013 ukupno <span style=\"color: #2d7bbf;\">664<\/span>; maraton 259 (36 \u017eena); polumaraton 405 (58 \u017eena)<\/li>\n<li><span style=\"color: #2d7bbf;\">2010.g.<\/span> \u2013 ukupno <span style=\"color: #2d7bbf;\">757<\/span>; maraton 256 (26 \u017eena); polumaraton 501 (87 \u017eena)<\/li>\n<li><span style=\"color: #2d7bbf;\">2011.g.<\/span> \u2013 ukupno <span style=\"color: #2d7bbf;\">929<\/span>; maraton 265 (35 \u017eena); polumaraton 664 (122 \u017eene)<\/li>\n<li><span style=\"color: #2d7bbf;\">2012.g.<\/span> \u2013 ukupno <span style=\"color: #2d7bbf;\">1066<\/span>; maraton 249 (36 \u017eena); polumaraton 817 (201 \u017eena)<\/li>\n<li><span style=\"color: #2d7bbf;\">2013.g.<\/span> \u2013 ukupno <span style=\"color: #2d7bbf;\">1404<\/span>; maraton 282 (46 \u017eena); polumaraton 1122 (375 \u017eena)<\/li>\n<li><span style=\"color: #2d7bbf;\">2014.g.<\/span> \u2013 ukupno <span style=\"color: #2d7bbf;\">1616<\/span>; maraton 279 (44 \u017eena); polumaraton 1337 (474 \u017eena)<\/li>\n<li><span style=\"color: #2d7bbf;\">2015.g.<\/span> \u2013 ukupno <span style=\"color: #2d7bbf;\">1624<\/span>; maraton 317 (54 \u017eena); polumaraton 1307 (506 \u017eena)<\/li>\n<li><span style=\"color: #2d7bbf;\">2016.g.<\/span> \u2013 ukupno <span style=\"color: #2d7bbf;\">2132<\/span>; maraton 343 (54 \u017eena); polumaraton 1789 (696 \u017eena)<\/li>\n<li><span style=\"color: #2d7bbf;\">2017.g.<\/span> \u2013 ukupno <span style=\"color: #2d7bbf;\">2240<\/span>; maraton 454 (75 \u017eena); polumaraton 1786 (677 \u017eena)<\/li>\n<li><span style=\"color: #2d7bbf;\">2018.g.<\/span> \u2013 ukupno <span style=\"color: #2d7bbf;\">2412<\/span>; maraton 444 (79 \u017eena); polumaraton 1968 (840 \u017eena)<\/li>\n<\/ul>\n<\/li>\n<\/ul>\n<p>Dakle, u prvih 20 godina broj sudionika, najva\u017enija karakteristika bilo kojeg pa samim time i Zagreba\u010dkog maratona, se pove\u0107ao \u010dak 15 puta. Sada je to najmasovnija trka\u010dka priredba u zemlji, koja u svom glavnom programu skupi preko 1000 sudionika i gusto\u0107a na stazi je primjerena prosje\u010dnom europskom maratonu srednje klase. Istina, na samoj maratonskoj trci od 42 kilometra, rast je u posljednjih 5 godina nezamijetan. Najve\u0107i krivac za to je gotovo paralelni maraton u Ljubljani koji se svake godine odr\u017eava samo dva tjedna poslije Zagreba\u010dkog i na taj na\u010din prepolovi broj doma\u0107ih (ali i slovenskih) maratonaca, obzirom da je malo tko u stanju zavr\u0161iti dva maratona u kratkom razmaku od 15-ak dana. Prili\u010dno zadovoljavaju\u0107i je broj stranih sudionika, ukupno 247 (83 na maratonu + 164 na polumaratonu), \u0161to \u010dini gotovo \u010detvrtinu od ukupnog broja. Najvi\u0161e stranaca dolazi nam iz pograni\u010dnih zemalja: Slovenija (89), Bosna (31), Srbija (29) i Ma\u0111arska (13). Slijede Austrijanci (12), Nijemci (11), Poljaci (9), Amerikanci (8) itd. Ukupno je na zadnjem Zagreba\u010dkom maratonu bilo zastupljeno 28 zemalja, a zanimljivo je da je bilo predstavnika, osim iz Europe, sa svih preostalih kontinenata: Afrika (Kenija i Etiopija), Azija (Bahrein), Sjeverna (USA) i Ju\u017ena Amerika (Brazil) te Australija.<\/p>\n<p>Staza Zagreba\u010dkog maratona je jedna od najbr\u017eih maratonskih staza na svijetu. Ukupna visinska razlika cijele trase iznosi zanemarivih 5 metara, \u0161to ima malo koji maraton, a izdu\u017eeni pravac cijele rute, bez gotovo imalo usporavaju\u0107ih zavoja, sigurno omogu\u0107ava konstantnost tempa koji se reflektira na kona\u010dni rezultat. Vizualizacija staze je krajnje jednostavna, \u0161to tako\u0111er olak\u0161ava tr\u010danje u mentalnom smislu. Ina\u010de, mnogi maratonci ne vole tr\u010dati dva ista kruga, ali to je neminovnost relativno starih gradova s uskom gradskom jezgrom, koji ne \u017eele da im trka\u010di lutaju po stambenim \u010detvrtima i gradskim zabitima. Takva ustaljena praksa je na mnogim maratonima, \u0161to u na\u0161oj blizini (Ljubljana, Beograd, Skoplje, Radenci, Novi Sad), \u0161to na europskim (Amsterdam, Bratislava, Stockholm). Za vrlo nisku startninu kada je u pitanju maraton (150kn), svi sudionici dobiju, osim nastupa na trci, sudioni\u010dku majicu, lijepu fini\u0161ersku medalju i ru\u010dak po zavr\u0161etku natjecanja.[\/et_pb_text][\/et_pb_column]<br \/>\n\t\t\t[\/et_pb_row]<br \/>\n\t\t[\/et_pb_section]<\/p>\n","protected":false},"excerpt":{"rendered":"<p>Zagreba\u010dki maraton je pokrenut 1992. godine na inicijativu tada\u0161njeg Izvr\u0161nog odbora Atletskog dru\u0161tva Veteran. Na prvoj trci, odr\u017eanoj 11. listopada 1992. g. na cilj je stiglo 70 sudionika, od \u010dega samo 4 \u017eene. Broj sudionika je tijekom godina sporo napredovao pa smo, primjerice, na petom izdanju imali tek 112 fini\u0161era (6 \u017eena). Ni sljede\u0107i petogodi\u0161nji [&hellip;]<\/p>\n","protected":false},"author":1,"featured_media":0,"parent":0,"menu_order":0,"comment_status":"closed","ping_status":"closed","template":"","meta":{"_et_pb_use_builder":"on","_et_pb_old_content":"Zagreba\u010dki maraton je pokrenut 1992. godine na inicijativu tada\u0161njeg Izvr\u0161nog odbora Atletskog dru\u0161tva Veteran. Na prvoj trci, odr\u017eanoj 11. listopada 1992. g. na cilj je stiglo 70 sudionika, od \u010dega samo 4 \u017eene. Broj sudionika je tijekom godina sporo napredovao pa smo, primjerice, na petom izdanju imali tek 112 fini\u0161era (6 \u017eena). Ni sljede\u0107i petogodi\u0161nji period nije donio neki zna\u010dajniji \"bum\". Cilja se u desetom jubilarnom zagreba\u010dkom maratonu dokopalo 158 maratonaca (14 \u017eena).\r\n\r\nStaza se dosta mijenjala u prvih 13 godina, sve do 2004. godine, kada je startno-ciljni prostor pomaknut u sami centar grada, na Trg Bana Jela\u010di\u0107a, s poluokretima u Dubravi i \u010crnomercu, \u0161to se pokazalo jednim od klju\u010dnih organizacijskih elemenata, koji je donio \"novu eru\" Zagreba\u010dkog maratona. Uvo\u0111enjem polumaratona godinu dana kasnije, osjetno se dobilo i na ukupnoj masovnosti, koja je od tada po\u010dela rapidno rasti. Zahvaljuju\u0107i tome, na 15. izdanju su se skupila 393 trka\u010da, od \u010dega 154 na maratonu (10 \u017eena) i 239 na polumaratonu (38 \u017eena). Daljnji tijek masovnosti je izgledao ovako:\r\n<ul>\r\n \t<li style=\"list-style-type: none;\">\r\n<ul>\r\n \t<li><span style=\"color: #2d7bbf;\">2007.g.<\/span> \u2013 ukupno <span style=\"color: #2d7bbf;\">512<\/span> : maraton 194 (17 \u017eena); polumaraton 318 (46 \u017eena)<\/li>\r\n \t<li><span style=\"color: #2d7bbf;\">2008.g.<\/span> \u2013 ukupno <span style=\"color: #2d7bbf;\">542<\/span>; maraton 212 (26 \u017eena); polumaraton 330 (50 \u017eena)<\/li>\r\n \t<li><span style=\"color: #2d7bbf;\">2009.g.<\/span> \u2013 ukupno <span style=\"color: #2d7bbf;\">664<\/span>; maraton 259 (36 \u017eena); polumaraton 405 (58 \u017eena)<\/li>\r\n \t<li><span style=\"color: #2d7bbf;\">2010.g.<\/span> \u2013 ukupno <span style=\"color: #2d7bbf;\">757<\/span>; maraton 256 (26 \u017eena); polumaraton 501 (87 \u017eena)<\/li>\r\n \t<li><span style=\"color: #2d7bbf;\">2011.g.<\/span> \u2013 ukupno <span style=\"color: #2d7bbf;\">929<\/span>; maraton 265 (35 \u017eena); polumaraton 664 (122 \u017eene)<\/li>\r\n \t<li><span style=\"color: #2d7bbf;\">2012.g.<\/span> \u2013 ukupno <span style=\"color: #2d7bbf;\">1066<\/span>; maraton 249 (36 \u017eena); polumaraton 817 (201 \u017eena)<\/li>\r\n \t<li><span style=\"color: #2d7bbf;\">2013.g.<\/span> \u2013 ukupno <span style=\"color: #2d7bbf;\">1404<\/span>; maraton 282 (46 \u017eena); polumaraton 1122 (375 \u017eena)<\/li>\r\n \t<li><span style=\"color: #2d7bbf;\">2014.g.<\/span> \u2013 ukupno <span style=\"color: #2d7bbf;\">1616<\/span>; maraton 279 (44 \u017eena); polumaraton 1337 (474 \u017eena)<\/li>\r\n \t<li><span style=\"color: #2d7bbf;\">2015.g.<\/span> \u2013 ukupno <span style=\"color: #2d7bbf;\">1624<\/span>; maraton 317 (54 \u017eena); polumaraton 1307 (506 \u017eena)<\/li>\r\n \t<li><span style=\"color: #2d7bbf;\">2016.g.<\/span> \u2013 ukupno <span style=\"color: #2d7bbf;\">2132<\/span>; maraton 343 (54 \u017eena); polumaraton 1789 (696 \u017eena)<\/li>\r\n \t<li><span style=\"color: #2d7bbf;\">2017.g.<\/span> \u2013 ukupno <span style=\"color: #2d7bbf;\">2240<\/span>; maraton 454 (75 \u017eena); polumaraton 1786 (677 \u017eena)<\/li>\r\n \t<li><span style=\"color: #2d7bbf;\">2018.g.<\/span> \u2013 ukupno <span style=\"color: #2d7bbf;\">2412<\/span>; maraton 444 (79 \u017eena); polumaraton 1968 (840 \u017eena)<\/li>\r\n<\/ul>\r\n<\/li>\r\n<\/ul>\r\nDakle, u prvih 20 godina broj sudionika, najva\u017enija karakteristika bilo kojeg pa samim time i Zagreba\u010dkog maratona, se pove\u0107ao \u010dak 15 puta. Sada je to najmasovnija trka\u010dka priredba u zemlji, koja u svom glavnom programu skupi preko 1000 sudionika i gusto\u0107a na stazi je primjerena prosje\u010dnom europskom maratonu srednje klase. Istina, na samoj maratonskoj trci od 42 kilometra, rast je u posljednjih 5 godina nezamijetan. Najve\u0107i krivac za to je gotovo paralelni maraton u Ljubljani koji se svake godine odr\u017eava samo dva tjedna poslije Zagreba\u010dkog i na taj na\u010din prepolovi broj doma\u0107ih (ali i slovenskih) maratonaca, obzirom da je malo tko u stanju zavr\u0161iti dva maratona u kratkom razmaku od 15-ak dana. Prili\u010dno zadovoljavaju\u0107i je broj stranih sudionika, ukupno 247 (83 na maratonu + 164 na polumaratonu), \u0161to \u010dini gotovo \u010detvrtinu od ukupnog broja. Najvi\u0161e stranaca dolazi nam iz pograni\u010dnih zemalja: Slovenija (89), Bosna (31), Srbija (29) i Ma\u0111arska (13). Slijede Austrijanci (12), Nijemci (11), Poljaci (9), Amerikanci (8) itd. Ukupno je na zadnjem Zagreba\u010dkom maratonu bilo zastupljeno 28 zemalja, a zanimljivo je da je bilo predstavnika, osim iz Europe, sa svih preostalih kontinenata: Afrika (Kenija i Etiopija), Azija (Bahrein), Sjeverna (USA) i Ju\u017ena Amerika (Brazil) te Australija.\r\n\r\nStaza Zagreba\u010dkog maratona je jedna od najbr\u017eih maratonskih staza na svijetu. Ukupna visinska razlika cijele trase iznosi zanemarivih 5 metara, \u0161to ima malo koji maraton, a izdu\u017eeni pravac cijele rute, bez gotovo imalo usporavaju\u0107ih zavoja, sigurno omogu\u0107ava konstantnost tempa koji se reflektira na kona\u010dni rezultat. Vizualizacija staze je krajnje jednostavna, \u0161to tako\u0111er olak\u0161ava tr\u010danje u mentalnom smislu. Ina\u010de, mnogi maratonci ne vole tr\u010dati dva ista kruga, ali to je neminovnost relativno starih gradova s uskom gradskom jezgrom, koji ne \u017eele da im trka\u010di lutaju po stambenim \u010detvrtima i gradskim zabitima. Takva ustaljena praksa je na mnogim maratonima, \u0161to u na\u0161oj blizini (Ljubljana, Beograd, Skoplje, Radenci, Novi Sad), \u0161to na europskim (Amsterdam, Bratislava, Stockholm). Za vrlo nisku startninu kada je u pitanju maraton (150kn), svi sudionici dobiju, osim nastupa na trci, sudioni\u010dku majicu, lijepu fini\u0161ersku medalju i ru\u010dak po zavr\u0161etku natjecanja.","_et_gb_content_width":"","footnotes":""},"class_list":["post-128","page","type-page","status-publish","hentry"],"_links":{"self":[{"href":"https:\/\/www.zagreb-marathon.com\/hr\/wp-json\/wp\/v2\/pages\/128","targetHints":{"allow":["GET"]}}],"collection":[{"href":"https:\/\/www.zagreb-marathon.com\/hr\/wp-json\/wp\/v2\/pages"}],"about":[{"href":"https:\/\/www.zagreb-marathon.com\/hr\/wp-json\/wp\/v2\/types\/page"}],"author":[{"embeddable":true,"href":"https:\/\/www.zagreb-marathon.com\/hr\/wp-json\/wp\/v2\/users\/1"}],"replies":[{"embeddable":true,"href":"https:\/\/www.zagreb-marathon.com\/hr\/wp-json\/wp\/v2\/comments?post=128"}],"version-history":[{"count":22,"href":"https:\/\/www.zagreb-marathon.com\/hr\/wp-json\/wp\/v2\/pages\/128\/revisions"}],"predecessor-version":[{"id":9545,"href":"https:\/\/www.zagreb-marathon.com\/hr\/wp-json\/wp\/v2\/pages\/128\/revisions\/9545"}],"wp:attachment":[{"href":"https:\/\/www.zagreb-marathon.com\/hr\/wp-json\/wp\/v2\/media?parent=128"}],"curies":[{"name":"wp","href":"https:\/\/api.w.org\/{rel}","templated":true}]}}