{"id":8795,"date":"2022-01-11T09:44:14","date_gmt":"2022-01-11T08:44:14","guid":{"rendered":"https:\/\/test.zagreb-marathon.com\/?page_id=8795"},"modified":"2026-02-24T10:42:46","modified_gmt":"2026-02-24T09:42:46","slug":"staza-za-maraton-polumaraton","status":"publish","type":"page","link":"https:\/\/www.zagreb-marathon.com\/hr\/staza-za-maraton-polumaraton\/","title":{"rendered":"Staza za maraton\/polumaraton"},"content":{"rendered":"<p>[et_pb_section fb_built=&#8221;1&#8243; _builder_version=&#8221;4.16&#8243; _module_preset=&#8221;default&#8221; custom_margin=&#8221;||-80px||false|false&#8221; global_colors_info=&#8221;{}&#8221;][et_pb_row _builder_version=&#8221;4.16&#8243; _module_preset=&#8221;default&#8221; global_colors_info=&#8221;{}&#8221;][et_pb_column type=&#8221;4_4&#8243; _builder_version=&#8221;4.16&#8243; _module_preset=&#8221;default&#8221; global_colors_info=&#8221;{}&#8221;][et_pb_text _builder_version=&#8221;4.16&#8243; _dynamic_attributes=&#8221;content&#8221; _module_preset=&#8221;default&#8221; text_font=&#8221;Montserrat|600||on|||||&#8221; text_font_size=&#8221;20px&#8221; global_colors_info=&#8221;{}&#8221;]@ET-DC@eyJkeW5hbWljIjp0cnVlLCJjb250ZW50IjoicG9zdF90aXRsZSIsInNldHRpbmdzIjp7ImJlZm9yZSI6IiIsImFmdGVyIjoiIn19@[\/et_pb_text][\/et_pb_column][\/et_pb_row][\/et_pb_section][et_pb_section fb_built=&#8221;1&#8243; _builder_version=&#8221;4.16&#8243; _module_preset=&#8221;default&#8221; global_colors_info=&#8221;{}&#8221;][et_pb_row _builder_version=&#8221;4.23.4&#8243; _module_preset=&#8221;default&#8221; global_colors_info=&#8221;{}&#8221;][et_pb_column type=&#8221;4_4&#8243; _builder_version=&#8221;4.23.4&#8243; _module_preset=&#8221;default&#8221; global_colors_info=&#8221;{}&#8221;][et_pb_video src=&#8221;https:\/\/www.zagreb-marathon.com\/wp-content\/uploads\/Zagreb Maraton 2024 trasa.mp4&#8243; _builder_version=&#8221;4.23.4&#8243; _module_preset=&#8221;default&#8221; global_colors_info=&#8221;{}&#8221;][\/et_pb_video][\/et_pb_column][\/et_pb_row][et_pb_row _builder_version=&#8221;4.16&#8243; _module_preset=&#8221;default&#8221; global_colors_info=&#8221;{}&#8221;][et_pb_column type=&#8221;4_4&#8243; _builder_version=&#8221;4.16&#8243; _module_preset=&#8221;default&#8221; global_colors_info=&#8221;{}&#8221;][et_pb_text _builder_version=&#8221;4.27.4&#8243; _module_preset=&#8221;default&#8221; global_colors_info=&#8221;{}&#8221;]<\/p>\n<p style=\"box-sizing: border-box; margin: 0px; padding: 0px 0px 1em; border: 0px; outline: 0px; font-size: 14px; text-size-adjust: 100%; vertical-align: baseline; background: #ffffff; color: #666666; font-family: 'Open Sans', Arial, sans-serif; font-style: normal; font-variant-ligatures: normal; font-variant-caps: normal; font-weight: 500; letter-spacing: normal; orphans: 2; text-align: left; text-indent: 0px; text-transform: none; widows: 2; word-spacing: 0px; -webkit-text-stroke-width: 0px; white-space: normal; text-decoration-thickness: initial; text-decoration-style: initial; text-decoration-color: initial;\"><strong style=\"box-sizing: border-box; margin: 0px; padding: 0px; border: 0px; outline: 0px; font-size: 14px; text-size-adjust: 100%; vertical-align: baseline; background: transparent; font-weight: bold;\">Polumaraton, 21 km i Maraton, 42 km<br style=\"box-sizing: border-box;\" \/><\/strong><\/p>\n<p style=\"box-sizing: border-box; margin: 0px; padding: 0px 0px 1em; border: 0px; outline: 0px; font-size: 14px; text-size-adjust: 100%; vertical-align: baseline; background: #ffffff; color: #666666; font-family: 'Open Sans', Arial, sans-serif; font-style: normal; font-variant-ligatures: normal; font-variant-caps: normal; font-weight: 500; letter-spacing: normal; orphans: 2; text-align: left; text-indent: 0px; text-transform: none; widows: 2; word-spacing: 0px; -webkit-text-stroke-width: 0px; white-space: normal; text-decoration-thickness: initial; text-decoration-style: initial; text-decoration-color: initial;\"><strong style=\"box-sizing: border-box; margin: 0px; padding: 0px; border: 0px; outline: 0px; font-size: 14px; text-size-adjust: 100%; vertical-align: baseline; background: transparent; font-weight: bold;\">MARATON:<\/strong><\/p>\n<p style=\"box-sizing: border-box; margin: 0px; padding: 0px 0px 1em; border: 0px; outline: 0px; font-size: 14px; text-size-adjust: 100%; vertical-align: baseline; background: #ffffff; color: #666666; font-family: 'Open Sans', Arial, sans-serif; font-style: normal; font-variant-ligatures: normal; font-variant-caps: normal; font-weight: 500; letter-spacing: normal; orphans: 2; text-align: left; text-indent: 0px; text-transform: none; widows: 2; word-spacing: 0px; -webkit-text-stroke-width: 0px; white-space: normal; text-decoration-thickness: initial; text-decoration-style: initial; text-decoration-color: initial;\"><strong style=\"box-sizing: border-box; margin: 0px; padding: 0px; border: 0px; outline: 0px; font-size: 14px; text-size-adjust: 100%; vertical-align: baseline; background: transparent; font-weight: bold;\">1 krug od 21 km + 2 kruga 10 km<\/strong><\/p>\n<p style=\"box-sizing: border-box; margin: 0px; padding: 0px 0px 1em; border: 0px; outline: 0px; font-size: 14px; text-size-adjust: 100%; vertical-align: baseline; background: #ffffff; color: #666666; font-family: 'Open Sans', Arial, sans-serif; font-style: normal; font-variant-ligatures: normal; font-variant-caps: normal; font-weight: 500; letter-spacing: normal; orphans: 2; text-align: left; text-indent: 0px; text-transform: none; widows: 2; word-spacing: 0px; -webkit-text-stroke-width: 0px; white-space: normal; text-decoration-thickness: initial; text-decoration-style: initial; text-decoration-color: initial;\">Poslije starta na Trgu bana Josipa Jela\u010di\u0107a trka\u010di prolaze Juri\u0161i\u0107evom ulicom, skre\u0107u lijevo u Dra\u0161kovi\u0107evu ulicu i dolaze na raskri\u017eje Dra\u0161kovi\u0107eve i Vla\u0161ke ulice, \u0160o\u0161tari\u0107eva ulica, Trg Josipa Langa, Ribnjak, Medve\u0161\u010dak ulica, Ulica Gup\u010deva zvijezda, Ksaverska cesta do Gra\u010danske ceste gdje se trka\u010di okre\u0107u i vra\u010daju istim putem prema raskri\u017eju Dra\u0161kovi\u0107eve i Vla\u0161ke ulice.<\/p>\n<p style=\"box-sizing: border-box; margin: 0px; padding: 0px 0px 1em; border: 0px; outline: 0px; font-size: 14px; text-size-adjust: 100%; vertical-align: baseline; background: #ffffff; color: #666666; font-family: 'Open Sans', Arial, sans-serif; font-style: normal; font-variant-ligatures: normal; font-variant-caps: normal; font-weight: 500; letter-spacing: normal; orphans: 2; text-align: left; text-indent: 0px; text-transform: none; widows: 2; word-spacing: 0px; -webkit-text-stroke-width: 0px; white-space: normal; text-decoration-thickness: initial; text-decoration-style: initial; text-decoration-color: initial;\">Vla\u0161ka ulica, Trg Eugena Kvaternika, Maksimirska cesta do broja 150 (benzinska pumpa INA) ovdje se trka\u010di polukru\u017eno okre\u0107u i vra\u010daju istim putem do ulice Josipa Sermagea u koju skre\u0107u lijevo,<\/p>\n<p style=\"box-sizing: border-box; margin: 0px; padding: 0px 0px 1em; border: 0px; outline: 0px; font-size: 14px; text-size-adjust: 100%; vertical-align: baseline; background: #ffffff; color: #666666; font-family: 'Open Sans', Arial, sans-serif; font-style: normal; font-variant-ligatures: normal; font-variant-caps: normal; font-weight: 500; letter-spacing: normal; orphans: 2; text-align: left; text-indent: 0px; text-transform: none; widows: 2; word-spacing: 0px; -webkit-text-stroke-width: 0px; white-space: normal; text-decoration-thickness: initial; text-decoration-style: initial; text-decoration-color: initial;\">Ul. Dragutina Rakovca, Marti\u0107eva ul., Ul. Tadije Smi\u010diklasa, Ul. Ignjata \u0110or\u0111i\u0107a, desno u Palmoti\u0107evu ul., lijevo u Ul. Milana Amru\u0161a, Trg Nikole Zrinskog, Ul. Nikole Tesle, Masarykova ulica, Trg Republike Hrvatske, prilaz Gjure De\u017eeli\u0107a, lijevo u Ul. Republike Austrije, desno u Ul. Matka Talovca, desno u Trg Francuske Republike lijevo prema Ul. Grada Mainza, prilaz baruna Filipovi\u0107a, desno u Ul. Janka Vukovi\u0107a, desno u Ilicu do Trga bana Josipa Jela\u010di\u0107a, prolaze kroz Trg bana Josipa Jela\u010di\u0107a, Juri\u0161i\u0107evom ul., lijevo u Dra\u0161kovi\u0107evu ul., desno u Vla\u0161ku ul., Trg Eugena Kvaternika, Maksimirska cesta u kojoj se polukru\u017eno okre\u0107u malo iza Ul. Josipa Sermagea u koju se vra\u0107aju, skre\u0107u lijevo, Ul. Dragutina Rakovca, Marti\u0107eva ul., Ul. Tadije Smi\u010diklasa, Ul. Ignjata \u0110or\u0111i\u0107a, desno u Palmoti\u0107evu ul., lijevo u Ul. Milana Amru\u0161a, Trg Nikole Zrinskog, Ul. Nikole Tesle, Masarykova ulica, Trg Republike Hrvatske, prilaz Gjure De\u017eeli\u0107a, lijevo u Ul. Republike Austrije, desno u Ul. Matka Talovca, desno u Trg Francuske Republike lijevo prema Ul. Grada Mainza, prilaz baruna Filipovi\u0107a, desno u Ul. Janka Vukovi\u0107a, desno u Ilicu do Trga bana Josipa Jela\u010di\u0107a (to je krug od 10 km) prolaze kroz Trg bana Josipa Jela\u010di\u0107a i nastavljaju jo\u0161 jedan identi\u010dni krug od 10 km te kada do\u0111u na Trg bana Josipa Jela\u010di\u0107a ulaze u cilj.<\/p>\n<p style=\"box-sizing: border-box; margin: 0px; padding: 0px 0px 1em; border: 0px; outline: 0px; font-size: 14px; text-size-adjust: 100%; vertical-align: baseline; background: #ffffff; color: #666666; font-family: 'Open Sans', Arial, sans-serif; font-style: normal; font-variant-ligatures: normal; font-variant-caps: normal; font-weight: 500; letter-spacing: normal; orphans: 2; text-align: left; text-indent: 0px; text-transform: none; widows: 2; word-spacing: 0px; -webkit-text-stroke-width: 0px; white-space: normal; text-decoration-thickness: initial; text-decoration-style: initial; text-decoration-color: initial;\"><strong style=\"box-sizing: border-box; margin: 0px; padding: 0px; border: 0px; outline: 0px; font-size: 14px; text-size-adjust: 100%; vertical-align: baseline; background: transparent; font-weight: bold;\">POLUMARATON:<\/strong><\/p>\n<p style=\"box-sizing: border-box; margin: 0px; padding: 0px 0px 1em; border: 0px; outline: 0px; font-size: 14px; text-size-adjust: 100%; vertical-align: baseline; background: #ffffff; color: #666666; font-family: 'Open Sans', Arial, sans-serif; font-style: normal; font-variant-ligatures: normal; font-variant-caps: normal; font-weight: 500; letter-spacing: normal; orphans: 2; text-align: left; text-indent: 0px; text-transform: none; widows: 2; word-spacing: 0px; -webkit-text-stroke-width: 0px; white-space: normal; text-decoration-thickness: initial; text-decoration-style: initial; text-decoration-color: initial;\"><strong style=\"box-sizing: border-box; margin: 0px; padding: 0px; border: 0px; outline: 0px; font-size: 14px; text-size-adjust: 100%; vertical-align: baseline; background: transparent; font-weight: bold;\">1 krug od 21 km<\/strong><\/p>\n<p style=\"box-sizing: border-box; margin: 0px; padding: 0px 0px 1em; border: 0px; outline: 0px; font-size: 14px; text-size-adjust: 100%; vertical-align: baseline; background: #ffffff; color: #666666; font-family: 'Open Sans', Arial, sans-serif; font-style: normal; font-variant-ligatures: normal; font-variant-caps: normal; font-weight: 500; letter-spacing: normal; orphans: 2; text-align: left; text-indent: 0px; text-transform: none; widows: 2; word-spacing: 0px; -webkit-text-stroke-width: 0px; white-space: normal; text-decoration-thickness: initial; text-decoration-style: initial; text-decoration-color: initial;\">Poslije starta na Trgu bana Josipa Jela\u010di\u0107a trka\u010di prolaze Juri\u0161i\u0107evom ulicom, skre\u0107u lijevo u Dra\u0161kovi\u0107evu ulicu i dolaze na raskri\u017eje Dra\u0161kovi\u0107eve i Vla\u0161ke ulice, \u0160o\u0161tari\u0107eva ulica, Trg Josipa Langa, Ribnjak, Medve\u0161\u010dak ulica, Ulica Gup\u010deva zvijezda, Ksaverska cesta do Gra\u010danske ceste gdje se trka\u010di okre\u0107u i vra\u010daju istim putem prema raskri\u017eju Dra\u0161kovi\u0107eve i Vla\u0161ke ulice.<\/p>\n<p style=\"box-sizing: border-box; margin: 0px; padding: 0px 0px 1em; border: 0px; outline: 0px; font-size: 14px; text-size-adjust: 100%; vertical-align: baseline; background: #ffffff; color: #666666; font-family: 'Open Sans', Arial, sans-serif; font-style: normal; font-variant-ligatures: normal; font-variant-caps: normal; font-weight: 500; letter-spacing: normal; orphans: 2; text-align: left; text-indent: 0px; text-transform: none; widows: 2; word-spacing: 0px; -webkit-text-stroke-width: 0px; white-space: normal; text-decoration-thickness: initial; text-decoration-style: initial; text-decoration-color: initial;\">Vla\u0161ka ulica, Trg Eugena Kvaternika, Maksimirska cesta do broja 150 (benzinska pumpa INA) ovdje se trka\u010di polukru\u017eno okre\u0107u i vra\u010daju istim putem do ulice Josipa Sermagea u koju skre\u0107u lijevo,<\/p>\n<p style=\"box-sizing: border-box; margin: 0px; padding: 0px 0px 1em; border: 0px; outline: 0px; font-size: 14px; text-size-adjust: 100%; vertical-align: baseline; background: #ffffff; color: #666666; font-family: 'Open Sans', Arial, sans-serif; font-style: normal; font-variant-ligatures: normal; font-variant-caps: normal; font-weight: 500; letter-spacing: normal; orphans: 2; text-align: left; text-indent: 0px; text-transform: none; widows: 2; word-spacing: 0px; -webkit-text-stroke-width: 0px; white-space: normal; text-decoration-thickness: initial; text-decoration-style: initial; text-decoration-color: initial;\">Ul. Dragutina Rakovca, Marti\u0107eva ul., Ul. Tadije Smi\u010diklasa, Ul. Ignjata \u0110or\u0111i\u0107a, desno u Palmoti\u0107evu ul., lijevo u Ul. Milana Amru\u0161a, Trg Nikole Zrinskog, Ul. Nikole Tesle, Masarykova ulica, Trg Republike Hrvatske, prilaz Gjure De\u017eeli\u0107a, lijevo u Ul. Republike Austrije, desno u Ul. Matka Talovca, desno u Trg Francuske Republike lijevo prema Ul. Grada Mainza, prilaz baruna Filipovi\u0107a, desno u Ul. Janka Vukovi\u0107a, desno u Ilicu do Trga bana Josipa Jela\u010di\u0107a gdje ulaze u cilj.<\/p>\n<p style=\"box-sizing: border-box; margin: 0px; padding: 0px 0px 1em; border: 0px; outline: 0px; font-size: 14px; text-size-adjust: 100%; vertical-align: baseline; background: #ffffff; color: #666666; font-family: 'Open Sans', Arial, sans-serif; font-style: normal; font-variant-ligatures: normal; font-variant-caps: normal; font-weight: 500; letter-spacing: normal; orphans: 2; text-align: left; text-indent: 0px; text-transform: none; widows: 2; word-spacing: 0px; -webkit-text-stroke-width: 0px; white-space: normal; text-decoration-thickness: initial; text-decoration-style: initial; text-decoration-color: initial;\">Start i cilj svih utrka biti \u0107e na Trgu bana Josipa Jela\u010di\u0107a.<\/p>\n<p style=\"box-sizing: border-box; margin: 0px; padding: 0px 0px 1em; border: 0px; outline: 0px; font-size: 14px; text-size-adjust: 100%; vertical-align: baseline; background: #ffffff; color: #666666; font-family: 'Open Sans', Arial, sans-serif; font-style: normal; font-variant-ligatures: normal; font-variant-caps: normal; font-weight: 500; letter-spacing: normal; orphans: 2; text-align: left; text-indent: 0px; text-transform: none; widows: 2; word-spacing: 0px; -webkit-text-stroke-width: 0px; white-space: normal; text-decoration-thickness: initial; text-decoration-style: initial; text-decoration-color: initial;\">Svla\u010dionice i garderoba \u2013 Kurel\u010deva ulica<\/p>\n<p style=\"box-sizing: border-box; margin: 0px; padding: 0px 0px 1em; border: 0px; outline: 0px; font-size: 14px; text-size-adjust: 100%; vertical-align: baseline; background: #ffffff; color: #666666; font-family: 'Open Sans', Arial, sans-serif; font-style: normal; font-variant-ligatures: normal; font-variant-caps: normal; font-weight: 500; letter-spacing: normal; orphans: 2; text-align: left; text-indent: 0px; text-transform: none; widows: 2; word-spacing: 0px; -webkit-text-stroke-width: 0px; white-space: normal; text-decoration-thickness: initial; text-decoration-style: initial; text-decoration-color: initial;\">WC \u2013 Kurel\u010deva ulica, Javni gradski WC u Cesar\u010devoj ulici, na stazi \u0107e biti raspore\u0111eni na tri lokacije<\/p>\n<p style=\"box-sizing: border-box; margin: 0px; padding: 0px 0px 1em; border: 0px; outline: 0px; font-size: 14px; text-size-adjust: 100%; vertical-align: baseline; background: #ffffff; color: #666666; font-family: 'Open Sans', Arial, sans-serif; font-style: normal; font-variant-ligatures: normal; font-variant-caps: normal; font-weight: 500; letter-spacing: normal; orphans: 2; text-align: left; text-indent: 0px; text-transform: none; widows: 2; word-spacing: 0px; -webkit-text-stroke-width: 0px; white-space: normal; text-decoration-thickness: initial; text-decoration-style: initial; text-decoration-color: initial;\">Okrepa i obrok po zavr\u0161etku utrke \u2013 Kurel\u010deva ulica i Europski trg \u2013 Pasta Party, pivo, voda te vo\u0107e<\/p>\n<p style=\"box-sizing: border-box; margin: 0px; padding: 0px 0px 1em; border: 0px; outline: 0px; font-size: 14px; text-size-adjust: 100%; vertical-align: baseline; background: #ffffff; color: #666666; font-family: 'Open Sans', Arial, sans-serif; font-style: normal; font-variant-ligatures: normal; font-variant-caps: normal; font-weight: 500; letter-spacing: normal; orphans: 2; text-align: left; text-indent: 0px; text-transform: none; widows: 2; word-spacing: 0px; -webkit-text-stroke-width: 0px; white-space: normal; text-decoration-thickness: initial; text-decoration-style: initial; text-decoration-color: initial;\"><strong style=\"box-sizing: border-box; margin: 0px; padding: 0px; border: 0px; outline: 0px; font-size: 14px; text-size-adjust: 100%; vertical-align: baseline; background: transparent; font-weight: bold;\">Start utrka maratona i polumaratona<\/strong><br style=\"box-sizing: border-box;\" \/>Nedjelja 11.10.2026. u 9:00<\/p>\n<p style=\"box-sizing: border-box; margin: 0px; padding: 0px 0px 1em; border: 0px; outline: 0px; font-size: 14px; text-size-adjust: 100%; vertical-align: baseline; background: #ffffff; color: #666666; font-family: 'Open Sans', Arial, sans-serif; font-style: normal; font-variant-ligatures: normal; font-variant-caps: normal; font-weight: 500; letter-spacing: normal; orphans: 2; text-align: left; text-indent: 0px; text-transform: none; widows: 2; word-spacing: 0px; -webkit-text-stroke-width: 0px; white-space: normal; text-decoration-thickness: initial; text-decoration-style: initial; text-decoration-color: initial;\"><strong style=\"box-sizing: border-box; margin: 0px; padding: 0px; border: 0px; outline: 0px; font-size: 14px; text-size-adjust: 100%; vertical-align: baseline; background: transparent; font-weight: bold;\">Vremenski limit<br style=\"box-sizing: border-box;\" \/><\/strong>Maraton \u2013 5 sati i 30 minuta, polumaraton nema limita jer se tr\u010di s maratoncima<\/p>\n<p>[\/et_pb_text][et_pb_image src=&#8221;https:\/\/www.zagreb-marathon.com\/wp-content\/uploads\/ZG-maraton-profile.jpg&#8221; title_text=&#8221;ZG-maraton profile&#8221; _builder_version=&#8221;4.27.4&#8243; _module_preset=&#8221;default&#8221; global_colors_info=&#8221;{}&#8221;][\/et_pb_image][\/et_pb_column][\/et_pb_row][et_pb_row _builder_version=&#8221;4.23.4&#8243; _module_preset=&#8221;default&#8221; global_colors_info=&#8221;{}&#8221;][et_pb_column type=&#8221;4_4&#8243; _builder_version=&#8221;4.23.4&#8243; _module_preset=&#8221;default&#8221; global_colors_info=&#8221;{}&#8221;][et_pb_image src=&#8221;http:\/\/www.zagreb-marathon.com\/wp-content\/uploads\/nova-staza.jpg&#8221; title_text=&#8221;nova-staza&#8221; _builder_version=&#8221;4.23.4&#8243; _module_preset=&#8221;default&#8221; global_colors_info=&#8221;{}&#8221;][\/et_pb_image][\/et_pb_column][\/et_pb_row][\/et_pb_section]<\/p>\n","protected":false},"excerpt":{"rendered":"<p>Polumaraton, 21 km i Maraton, 42 km MARATON: 1 krug od 21 km + 2 kruga 10 km Poslije starta na Trgu bana Josipa Jela\u010di\u0107a trka\u010di prolaze Juri\u0161i\u0107evom ulicom, skre\u0107u lijevo u Dra\u0161kovi\u0107evu ulicu i dolaze na raskri\u017eje Dra\u0161kovi\u0107eve i Vla\u0161ke ulice, \u0160o\u0161tari\u0107eva ulica, Trg Josipa Langa, Ribnjak, Medve\u0161\u010dak ulica, Ulica Gup\u010deva zvijezda, Ksaverska cesta [&hellip;]<\/p>\n","protected":false},"author":3,"featured_media":0,"parent":0,"menu_order":0,"comment_status":"closed","ping_status":"closed","template":"","meta":{"_et_pb_use_builder":"on","_et_pb_old_content":"","_et_gb_content_width":"","footnotes":""},"class_list":["post-8795","page","type-page","status-publish","hentry"],"_links":{"self":[{"href":"https:\/\/www.zagreb-marathon.com\/hr\/wp-json\/wp\/v2\/pages\/8795","targetHints":{"allow":["GET"]}}],"collection":[{"href":"https:\/\/www.zagreb-marathon.com\/hr\/wp-json\/wp\/v2\/pages"}],"about":[{"href":"https:\/\/www.zagreb-marathon.com\/hr\/wp-json\/wp\/v2\/types\/page"}],"author":[{"embeddable":true,"href":"https:\/\/www.zagreb-marathon.com\/hr\/wp-json\/wp\/v2\/users\/3"}],"replies":[{"embeddable":true,"href":"https:\/\/www.zagreb-marathon.com\/hr\/wp-json\/wp\/v2\/comments?post=8795"}],"version-history":[{"count":27,"href":"https:\/\/www.zagreb-marathon.com\/hr\/wp-json\/wp\/v2\/pages\/8795\/revisions"}],"predecessor-version":[{"id":10603,"href":"https:\/\/www.zagreb-marathon.com\/hr\/wp-json\/wp\/v2\/pages\/8795\/revisions\/10603"}],"wp:attachment":[{"href":"https:\/\/www.zagreb-marathon.com\/hr\/wp-json\/wp\/v2\/media?parent=8795"}],"curies":[{"name":"wp","href":"https:\/\/api.w.org\/{rel}","templated":true}]}}