{"id":9138,"date":"2022-09-14T08:59:12","date_gmt":"2022-09-14T07:59:12","guid":{"rendered":"https:\/\/www.zagreb-marathon.com\/?page_id=9138"},"modified":"2026-02-28T08:46:19","modified_gmt":"2026-02-28T07:46:19","slug":"djecje-utrke","status":"publish","type":"page","link":"https:\/\/www.zagreb-marathon.com\/hr\/djecje-utrke\/","title":{"rendered":"Dje\u010dje utrke"},"content":{"rendered":"<p>[et_pb_section fb_built=&#8221;1&#8243; _builder_version=&#8221;4.17.3&#8243; _module_preset=&#8221;default&#8221; global_colors_info=&#8221;{}&#8221;][et_pb_row _builder_version=&#8221;4.17.3&#8243; _module_preset=&#8221;default&#8221; global_colors_info=&#8221;{}&#8221;][et_pb_column type=&#8221;4_4&#8243; _builder_version=&#8221;4.17.3&#8243; _module_preset=&#8221;default&#8221; global_colors_info=&#8221;{}&#8221;][et_pb_text _builder_version=&#8221;4.27.5&#8243; _module_preset=&#8221;default&#8221; text_font_size=&#8221;20px&#8221; global_colors_info=&#8221;{}&#8221;]<\/p>\n<p><strong>34. ZAGREBA\u010cKI POWERADE MARATON<br \/><\/strong><strong><br \/><\/strong>DJE\u010cJE UTRKE, SUBOTA ,10.10.2026.<\/p>\n<p>TRG BANA JOSIPA JELA\u010cI\u0106A OD 12:00 SATI<\/p>\n<p>[\/et_pb_text][et_pb_image src=&#8221;https:\/\/www.zagreb-marathon.com\/wp-content\/uploads\/Djecja_utrka_12_10_2024_83-scaled.jpg&#8221; title_text=&#8221;Djecja_utrka_12_10_2024_83&#8243; _builder_version=&#8221;4.27.4&#8243; _module_preset=&#8221;default&#8221; global_colors_info=&#8221;{}&#8221;][\/et_pb_image][et_pb_text disabled_on=&#8221;off|off|off&#8221; _builder_version=&#8221;4.27.5&#8243; _module_preset=&#8221;default&#8221; global_colors_info=&#8221;{}&#8221;]<\/p>\n<p><strong>KATEGORIJE I RASPORED UTRKA:<\/strong><\/p>\n<p><strong>U 12:00 sati po\u010dinju utrke za djecu vrti\u0107ke dobi, redom:<\/strong><\/p>\n<ol>\n<li>Vrti\u0107 (2021. godi\u0161te) dje\u010daci (100m)<\/li>\n<li>Vrti\u0107 (2021. godi\u0161te) djevoj\u010dice (100m)<\/li>\n<li>Vrti\u0107 dje\u010daci (2022. godi\u0161te) (100m)<\/li>\n<li>Vrti\u0107 djevoj\u010dice(2022. godi\u0161te) (100m)<\/li>\n<li>Vrti\u0107 dje\u010daci (2023. godi\u0161te i mla\u0111i) (100m)<\/li>\n<li>Vrti\u0107 djevoj\u010dice (2023. godi\u0161te i mla\u0111i) (100m)<\/li>\n<\/ol>\n<p><strong>U 12:45 sati po\u010dinju utrke za u\u010denice u u\u010denike 1. i 2. razreda osnovnih \u0161kola<\/strong><\/p>\n<ol>\n<li>Osnovna \u0161kola 1. i 2. razredi dje\u010daci (200m)<\/li>\n<li>Osnovna \u0161kola 1. i 2. razredi djevoj\u010dice (200m)<\/li>\n<\/ol>\n<p><strong>\u00a0U 13:00 sati po\u010dinju utrke za u\u010denice u u\u010denike 3. i 4. razreda osnovnih \u0161kola<\/strong><\/p>\n<ol>\n<li>Osnovna \u0161kola 3. i 4. razredi dje\u010daci (400m)<\/li>\n<li>Osnovna \u0161kola 3. i 4. razredi djevoj\u010dice (400m)<\/li>\n<\/ol>\n<p><strong>\u00a0U 13:15 sati po\u010dinju utrke za u\u010denice u u\u010denike 5. i 6. razreda osnovnih \u0161kola<\/strong><\/p>\n<ol>\n<li>Osnovna \u0161kola 5. i 6. razredi dje\u010daci (600m)<\/li>\n<li>Osnovna \u0161kola 5. i 6. razredi djevoj\u010dice (600m)<\/li>\n<\/ol>\n<p>Potrebno je da su djeca prijavljena kroz sustav na web stranici Zagreba\u010dkog maratona.<\/p>\n<p>Po dolasku na Trg bana Josipa Jela\u010di\u0107a u pratnji roditelja javljaju se u prijavni centar gdje \u0107e dobiti startni broj, okrijepu i majicu, to je potrebno obaviti barem 30 minuta prije predvi\u0111enog vremena za start njihove utrke.<\/p>\n<p>Poslije toga odlaze u startni prostor gdje \u0107e ih volonteri i suci rasporediti u skupine u kojima \u0107e tr\u010dati, ovisno o godini ro\u0111enja.<\/p>\n<p><strong>Po zavr\u0161etku utrke, odnosno ulasku u cilj, svako dijete dobiva medalju a prva tri u svakoj utrci dodatno se nagra\u0111uje za vrijeme progla\u0161enja pobjednika na pozornici koje \u0107e uslijediti poslije svake utrke.<\/strong><\/p>\n<p>Odre\u0111eno je vrijeme po\u010detka samo prve utrke u kategoriji, a ostale se nastavljaju, redom, kako koja prethodna utrka zavr\u0161i.<\/p>\n<p>Iz tog razloga potrebno je da su djeca u startnom prostoru na vrijeme, odnosno po po\u010detku odr\u017eavanja programa utrka za njihovu dob.<\/p>\n<p>Djeca vrti\u0107ke dobi mogu tr\u010dati u pratnji roditelja (to ne vrijedi za skupinu 2021. godi\u0161te).<\/p>\n<p>Za sudjelovanje na dje\u010djim utrkama se ne pla\u0107a kotizacija, a\u00a0<strong>IZNIMNO<\/strong>\u00a0je prijava mogu\u0107a i na dan natjecanja na Trgu bana Josipa Jela\u010di\u0107a no molimo Vas da to izbjegavate zbog nastanka nepotrebne gu\u017eve u prijavnom centru.<\/p>\n<p><strong>PRIJAVA NA DAN NATJECANJA, BEZ OBZIRA NA UTRKU U KOJOJ DIJETE NASTUPA MORA BITI IZVR\u0160ENA DO 12:00 SATI, POSLIJE TOGA PRIJAVE VI\u0160E NE\u0106E BITI MOGU\u0106E JER \u0106E STARTNE LISTE BITI FORMIRANE.<\/strong><\/p>\n<p>[\/et_pb_text][\/et_pb_column][\/et_pb_row][\/et_pb_section]<\/p>\n","protected":false},"excerpt":{"rendered":"<p>34. ZAGREBA\u010cKI POWERADE MARATONDJE\u010cJE UTRKE, SUBOTA ,10.10.2026. TRG BANA JOSIPA JELA\u010cI\u0106A OD 12:00 SATIKATEGORIJE I RASPORED UTRKA: U 12:00 sati po\u010dinju utrke za djecu vrti\u0107ke dobi, redom: Vrti\u0107 (2021. godi\u0161te) dje\u010daci (100m) Vrti\u0107 (2021. godi\u0161te) djevoj\u010dice (100m) Vrti\u0107 dje\u010daci (2022. godi\u0161te) (100m) Vrti\u0107 djevoj\u010dice(2022. godi\u0161te) (100m) Vrti\u0107 dje\u010daci (2023. godi\u0161te i mla\u0111i) (100m) Vrti\u0107 djevoj\u010dice [&hellip;]<\/p>\n","protected":false},"author":3,"featured_media":0,"parent":0,"menu_order":0,"comment_status":"closed","ping_status":"closed","template":"","meta":{"_et_pb_use_builder":"on","_et_pb_old_content":"","_et_gb_content_width":"","footnotes":""},"class_list":["post-9138","page","type-page","status-publish","hentry"],"_links":{"self":[{"href":"https:\/\/www.zagreb-marathon.com\/hr\/wp-json\/wp\/v2\/pages\/9138","targetHints":{"allow":["GET"]}}],"collection":[{"href":"https:\/\/www.zagreb-marathon.com\/hr\/wp-json\/wp\/v2\/pages"}],"about":[{"href":"https:\/\/www.zagreb-marathon.com\/hr\/wp-json\/wp\/v2\/types\/page"}],"author":[{"embeddable":true,"href":"https:\/\/www.zagreb-marathon.com\/hr\/wp-json\/wp\/v2\/users\/3"}],"replies":[{"embeddable":true,"href":"https:\/\/www.zagreb-marathon.com\/hr\/wp-json\/wp\/v2\/comments?post=9138"}],"version-history":[{"count":42,"href":"https:\/\/www.zagreb-marathon.com\/hr\/wp-json\/wp\/v2\/pages\/9138\/revisions"}],"predecessor-version":[{"id":10654,"href":"https:\/\/www.zagreb-marathon.com\/hr\/wp-json\/wp\/v2\/pages\/9138\/revisions\/10654"}],"wp:attachment":[{"href":"https:\/\/www.zagreb-marathon.com\/hr\/wp-json\/wp\/v2\/media?parent=9138"}],"curies":[{"name":"wp","href":"https:\/\/api.w.org\/{rel}","templated":true}]}}